{"id":1662,"date":"2023-11-03T13:04:17","date_gmt":"2023-11-03T13:04:17","guid":{"rendered":"https:\/\/cinnk.com\/?page_id=1662"},"modified":"2026-04-28T10:36:11","modified_gmt":"2026-04-28T10:36:11","slug":"contact","status":"publish","type":"page","link":"https:\/\/cinnk.com\/fr\/contact\/","title":{"rendered":"Nous contacter"},"content":{"rendered":"\t\t<div data-elementor-type=\"wp-page\" data-elementor-id=\"1662\" class=\"elementor elementor-1662\" data-elementor-post-type=\"page\">\n\t\t\t\t<div class=\"elementor-element elementor-element-f5f0f5a e-flex e-con-boxed e-con e-parent\" data-id=\"f5f0f5a\" data-element_type=\"container\" data-settings=\"{&quot;background_background&quot;:&quot;classic&quot;}\">\n\t\t\t\t\t<div class=\"e-con-inner\">\n\t\t\t\t<div class=\"elementor-element elementor-element-3515528 elementor-widget elementor-widget-heading\" data-id=\"3515528\" data-element_type=\"widget\" data-widget_type=\"heading.default\">\n\t\t\t\t<div class=\"elementor-widget-container\">\n\t\t\t\t\t<h2 class=\"elementor-heading-title elementor-size-default\">Nous contacter<\/h2>\t\t\t\t<\/div>\n\t\t\t\t<\/div>\n\t\t\t\t<div class=\"elementor-element elementor-element-021b798 elementor-widget elementor-widget-text-editor\" data-id=\"021b798\" data-element_type=\"widget\" data-widget_type=\"text-editor.default\">\n\t\t\t\t<div class=\"elementor-widget-container\">\n\t\t\t\t\t\t\t\t\t<p>Besoin d&rsquo;aide ou avez-vous des questions ? Ne cherchez pas plus loin, contactez-nous et laissez-nous vous assister avec toute demande ou pr\u00e9occupation.<\/p>\t\t\t\t\t\t\t\t<\/div>\n\t\t\t\t<\/div>\n\t\t\t\t\t<\/div>\n\t\t\t\t<\/div>\n\t\t<div class=\"elementor-element elementor-element-34a73aa e-con-full e-flex e-con e-parent\" data-id=\"34a73aa\" data-element_type=\"container\">\n\t\t<div class=\"elementor-element elementor-element-bff617d e-con-full elementor-hidden-mobile e-flex e-con e-child\" data-id=\"bff617d\" data-element_type=\"container\" data-settings=\"{&quot;background_background&quot;:&quot;classic&quot;}\">\n\t\t\t\t<div class=\"elementor-element elementor-element-9135203 e-full_width e-n-menu-layout-horizontal e-n-menu-tablet elementor-widget elementor-widget-n-menu\" data-id=\"9135203\" data-element_type=\"widget\" data-settings=\"{&quot;menu_items&quot;:[{&quot;item_title&quot;:&quot;S&#039;inscrire&quot;,&quot;_id&quot;:&quot;ffb24d7&quot;,&quot;item_link&quot;:{&quot;url&quot;:&quot;https:\\\/\\\/cinnk.com\\\/fr\\\/sinscrire\\\/&quot;,&quot;is_external&quot;:&quot;&quot;,&quot;nofollow&quot;:&quot;&quot;,&quot;custom_attributes&quot;:&quot;&quot;},&quot;__dynamic__&quot;:null,&quot;item_dropdown_content&quot;:&quot;no&quot;,&quot;item_icon&quot;:{&quot;value&quot;:&quot;&quot;,&quot;library&quot;:&quot;&quot;},&quot;item_icon_active&quot;:null,&quot;element_id&quot;:&quot;&quot;},{&quot;item_title&quot;:&quot;Demande d&#039;informations&quot;,&quot;_id&quot;:&quot;d560c17&quot;,&quot;item_link&quot;:{&quot;url&quot;:&quot;https:\\\/\\\/cinnk.com\\\/fr\\\/demande-dinformations\\\/&quot;,&quot;is_external&quot;:&quot;&quot;,&quot;nofollow&quot;:&quot;&quot;,&quot;custom_attributes&quot;:&quot;&quot;},&quot;__dynamic__&quot;:null,&quot;item_dropdown_content&quot;:&quot;no&quot;,&quot;item_icon&quot;:{&quot;value&quot;:&quot;&quot;,&quot;library&quot;:&quot;&quot;},&quot;item_icon_active&quot;:null,&quot;element_id&quot;:&quot;&quot;}],&quot;item_position_horizontal&quot;:&quot;start&quot;,&quot;sticky&quot;:&quot;top&quot;,&quot;sticky_offset&quot;:130,&quot;item_position_horizontal_mobile&quot;:&quot;end&quot;,&quot;horizontal_scroll_mobile&quot;:&quot;enable&quot;,&quot;menu_item_title_distance_from_content_mobile&quot;:{&quot;unit&quot;:&quot;px&quot;,&quot;size&quot;:0,&quot;sizes&quot;:[]},&quot;content_width&quot;:&quot;full_width&quot;,&quot;item_layout&quot;:&quot;horizontal&quot;,&quot;open_on&quot;:&quot;hover&quot;,&quot;horizontal_scroll&quot;:&quot;disable&quot;,&quot;breakpoint_selector&quot;:&quot;tablet&quot;,&quot;menu_item_title_distance_from_content&quot;:{&quot;unit&quot;:&quot;px&quot;,&quot;size&quot;:0,&quot;sizes&quot;:[]},&quot;menu_item_title_distance_from_content_tablet&quot;:{&quot;unit&quot;:&quot;px&quot;,&quot;size&quot;:&quot;&quot;,&quot;sizes&quot;:[]},&quot;sticky_on&quot;:[&quot;desktop&quot;,&quot;tablet&quot;,&quot;mobile&quot;],&quot;sticky_effects_offset&quot;:0,&quot;sticky_anchor_link_offset&quot;:0}\" data-widget_type=\"mega-menu.default\">\n\t\t\t\t<div class=\"elementor-widget-container\">\n\t\t\t\t\t\t\t<nav class=\"e-n-menu\" data-widget-number=\"152\" aria-label=\"Menu\">\n\t\t\t\t\t<button class=\"e-n-menu-toggle\" id=\"menu-toggle-152\" aria-haspopup=\"true\" aria-expanded=\"false\" aria-controls=\"menubar-152\" aria-label=\"Permuter le menu\">\n\t\t\t<span class=\"e-n-menu-toggle-icon e-open\">\n\t\t\t\t<i class=\"eicon-menu-bar\"><\/i>\t\t\t<\/span>\n\t\t\t<span class=\"e-n-menu-toggle-icon e-close\">\n\t\t\t\t<i class=\"eicon-close\"><\/i>\t\t\t<\/span>\n\t\t<\/button>\n\t\t\t\t\t<div class=\"e-n-menu-wrapper\" id=\"menubar-152\" aria-labelledby=\"menu-toggle-152\">\n\t\t\t\t<ul class=\"e-n-menu-heading\">\n\t\t\t\t\t\t\t\t<li class=\"e-n-menu-item\">\n\t\t\t\t<div id=\"e-n-menu-title-1521\" class=\"e-n-menu-title\">\n\t\t\t\t\t<a class=\"e-n-menu-title-container e-focus e-link\" href=\"https:\/\/cinnk.com\/fr\/sinscrire\/\">\t\t\t\t\t\t\t\t\t\t\t\t<span class=\"e-n-menu-title-text\">\n\t\t\t\t\t\t\tS'inscrire\t\t\t\t\t\t<\/span>\n\t\t\t\t\t<\/a>\t\t\t\t\t\t\t\t\t<\/div>\n\t\t\t\t\t\t\t<\/li>\n\t\t\t\t\t<li class=\"e-n-menu-item\">\n\t\t\t\t<div id=\"e-n-menu-title-1522\" class=\"e-n-menu-title\">\n\t\t\t\t\t<a class=\"e-n-menu-title-container e-focus e-link\" href=\"https:\/\/cinnk.com\/fr\/demande-dinformations\/\">\t\t\t\t\t\t\t\t\t\t\t\t<span class=\"e-n-menu-title-text\">\n\t\t\t\t\t\t\tDemande d'informations\t\t\t\t\t\t<\/span>\n\t\t\t\t\t<\/a>\t\t\t\t\t\t\t\t\t<\/div>\n\t\t\t\t\t\t\t<\/li>\n\t\t\t\t\t\t<\/ul>\n\t\t\t<\/div>\n\t\t<\/nav>\n\t\t\t\t\t\t<\/div>\n\t\t\t\t<\/div>\n\t\t\t\t<\/div>\n\t\t<div class=\"elementor-element elementor-element-ffee19f e-con-full e-flex e-con e-child\" data-id=\"ffee19f\" data-element_type=\"container\">\n\t\t\t\t<div class=\"elementor-element elementor-element-40abd12 elementor-widget elementor-widget-heading\" data-id=\"40abd12\" data-element_type=\"widget\" data-widget_type=\"heading.default\">\n\t\t\t\t<div class=\"elementor-widget-container\">\n\t\t\t\t\t<h2 class=\"elementor-heading-title elementor-size-default\">Nos coordonn\u00e9es<\/h2>\t\t\t\t<\/div>\n\t\t\t\t<\/div>\n\t\t<div class=\"elementor-element elementor-element-18efb94 e-con-full e-flex e-con e-child\" data-id=\"18efb94\" data-element_type=\"container\">\n\t\t<div class=\"elementor-element elementor-element-da9e60f e-flex e-con-boxed e-con e-child\" data-id=\"da9e60f\" data-element_type=\"container\">\n\t\t\t\t\t<div class=\"e-con-inner\">\n\t\t\t\t<div class=\"elementor-element elementor-element-7793bee elementor-position-left elementor-widget__width-initial elementor-view-default elementor-mobile-position-top elementor-widget elementor-widget-icon-box\" data-id=\"7793bee\" data-element_type=\"widget\" data-widget_type=\"icon-box.default\">\n\t\t\t\t<div class=\"elementor-widget-container\">\n\t\t\t\t\t\t\t<div class=\"elementor-icon-box-wrapper\">\n\n\t\t\t\t\t\t<div class=\"elementor-icon-box-icon\">\n\t\t\t\t<span  class=\"elementor-icon\">\n\t\t\t\t<i aria-hidden=\"true\" class=\"fas fa-map-marked-alt\"><\/i>\t\t\t\t<\/span>\n\t\t\t<\/div>\n\t\t\t\n\t\t\t\t\t\t<div class=\"elementor-icon-box-content\">\n\n\t\t\t\t\n\t\t\t\t\t\t\t\t\t<p class=\"elementor-icon-box-description\">\n\t\t\t\t\t\t10\/12 Rue Andras Beck,<br>\n92360 Meudon\t\t\t\t\t<\/p>\n\t\t\t\t\n\t\t\t<\/div>\n\t\t\t\n\t\t<\/div>\n\t\t\t\t\t\t<\/div>\n\t\t\t\t<\/div>\n\t\t\t\t<div class=\"elementor-element elementor-element-adbeb07 elementor-position-left elementor-widget__width-auto elementor-view-default elementor-mobile-position-top elementor-widget elementor-widget-icon-box\" data-id=\"adbeb07\" data-element_type=\"widget\" data-widget_type=\"icon-box.default\">\n\t\t\t\t<div class=\"elementor-widget-container\">\n\t\t\t\t\t\t\t<div class=\"elementor-icon-box-wrapper\">\n\n\t\t\t\t\t\t<div class=\"elementor-icon-box-icon\">\n\t\t\t\t<span  class=\"elementor-icon\">\n\t\t\t\t<i aria-hidden=\"true\" class=\"far fa-envelope\"><\/i>\t\t\t\t<\/span>\n\t\t\t<\/div>\n\t\t\t\n\t\t\t\t\t\t<div class=\"elementor-icon-box-content\">\n\n\t\t\t\t\n\t\t\t\t\t\t\t\t\t<p class=\"elementor-icon-box-description\">\n\t\t\t\t\t\tcontact@cinnk.com\t\t\t\t\t<\/p>\n\t\t\t\t\n\t\t\t<\/div>\n\t\t\t\n\t\t<\/div>\n\t\t\t\t\t\t<\/div>\n\t\t\t\t<\/div>\n\t\t\t\t\t<\/div>\n\t\t\t\t<\/div>\n\t\t\t\t<div class=\"elementor-element elementor-element-fcfe6b7 elementor-widget elementor-widget-heading\" data-id=\"fcfe6b7\" data-element_type=\"widget\" data-widget_type=\"heading.default\">\n\t\t\t\t<div class=\"elementor-widget-container\">\n\t\t\t\t\t<h2 class=\"elementor-heading-title elementor-size-default\">Nous contacter par email<\/h2>\t\t\t\t<\/div>\n\t\t\t\t<\/div>\n\t\t\t\t<\/div>\n\t\t\t\t<div class=\"elementor-element elementor-element-44cf780 elementor-button-align-center elementor-widget__width-initial elementor-widget elementor-widget-form\" data-id=\"44cf780\" data-element_type=\"widget\" data-settings=\"{&quot;step_next_label&quot;:&quot;Suivant&quot;,&quot;step_previous_label&quot;:&quot;Pr\\u00e9c\\u00e9dent&quot;,&quot;step_type&quot;:&quot;icon_text&quot;,&quot;button_width&quot;:&quot;100&quot;,&quot;step_icon_shape&quot;:&quot;circle&quot;}\" data-widget_type=\"form.default\">\n\t\t\t\t<div class=\"elementor-widget-container\">\n\t\t\t\t\t\t\t<form class=\"elementor-form\" method=\"post\" data-wpl_tracker=\"{&quot;gtm&quot;:true}\" class=\"events-tracker-for-elementor\" id=\"contact_form_cinnk\" name=\"contact_form\" aria-label=\"contact_form\">\n\t\t\t<input type=\"hidden\" name=\"post_id\" value=\"1662\"\/>\n\t\t\t<input type=\"hidden\" name=\"form_id\" value=\"44cf780\"\/>\n\t\t\t<input type=\"hidden\" name=\"referer_title\" value=\"Nous contacter | Cinnk\" \/>\n\n\t\t\t\t\t\t\t<input type=\"hidden\" name=\"queried_id\" value=\"1662\"\/>\n\t\t\t\n\t\t\t<div class=\"elementor-form-fields-wrapper elementor-labels-above\">\n\t\t\t\t\t\t\t\t<div class=\"elementor-field-type-text elementor-field-group elementor-column elementor-field-group-prenom_form elementor-col-50 elementor-field-required elementor-mark-required\">\n\t\t\t\t\t\t\t\t\t\t\t\t\t<input size=\"1\" type=\"text\" name=\"form_fields[prenom_form]\" id=\"form-field-prenom_form\" class=\"elementor-field elementor-size-md  elementor-field-textual\" placeholder=\"Pr\u00e9nom\" required=\"required\">\n\t\t\t\t\t\t\t\t\t\t\t<\/div>\n\t\t\t\t\t\t\t\t<div class=\"elementor-field-type-text elementor-field-group elementor-column elementor-field-group-nom elementor-col-50 elementor-field-required elementor-mark-required\">\n\t\t\t\t\t\t\t\t\t\t\t\t\t<input size=\"1\" type=\"text\" name=\"form_fields[nom]\" id=\"form-field-nom\" class=\"elementor-field elementor-size-md  elementor-field-textual\" placeholder=\"Nom\" required=\"required\">\n\t\t\t\t\t\t\t\t\t\t\t<\/div>\n\t\t\t\t\t\t\t\t<div class=\"elementor-field-type-email elementor-field-group elementor-column elementor-field-group-email elementor-col-50 elementor-field-required elementor-mark-required\">\n\t\t\t\t\t\t\t\t\t\t\t\t\t<input size=\"1\" type=\"email\" name=\"form_fields[email]\" id=\"form-field-email\" class=\"elementor-field elementor-size-md  elementor-field-textual\" placeholder=\"E-mail\" required=\"required\">\n\t\t\t\t\t\t\t\t\t\t\t<\/div>\n\t\t\t\t\t\t\t\t<div class=\"elementor-field-type-tel elementor-field-group elementor-column elementor-field-group-phone elementor-col-50 elementor-field-required elementor-mark-required\">\n\t\t\t\t\t\t\t<input size=\"1\" type=\"tel\" name=\"form_fields[phone]\" id=\"form-field-phone\" class=\"elementor-field elementor-size-md  elementor-field-textual\" placeholder=\"T\u00e9l\u00e9phone\" required=\"required\" pattern=\"[0-9()#&amp;+*-=.]+\" title=\"Seuls les caract\u00e8res de num\u00e9ros de t\u00e9l\u00e9phone (#, -, *, etc.) sont accept\u00e9s.\">\n\n\t\t\t\t\t\t<\/div>\n\t\t\t\t\t\t\t\t<div class=\"elementor-field-type-textarea elementor-field-group elementor-column elementor-field-group-field_ccfe740 elementor-col-100\">\n\t\t\t\t\t<textarea class=\"elementor-field-textual elementor-field  elementor-size-md\" name=\"form_fields[field_ccfe740]\" id=\"form-field-field_ccfe740\" rows=\"4\" placeholder=\"Votre Message\"><\/textarea>\t\t\t\t<\/div>\n\t\t\t\t\t\t\t\t<div class=\"elementor-field-type-acceptance elementor-field-group elementor-column elementor-field-group-field_9a17a7f elementor-col-100 elementor-field-required elementor-mark-required\">\n\t\t\t\t\t\t\t<div class=\"elementor-field-subgroup\">\n\t\t\t<span class=\"elementor-field-option\">\n\t\t\t\t<input type=\"checkbox\" name=\"form_fields[field_9a17a7f]\" id=\"form-field-field_9a17a7f\" class=\"elementor-field elementor-size-md  elementor-acceptance-field\" required=\"required\">\n\t\t\t\t<label for=\"form-field-field_9a17a7f\">En cochant cette case, vous consentez \u00e0 ce que vos donn\u00e9es personnelles soient collect\u00e9es et utilis\u00e9es conform\u00e9ment \u00e0 notre politique de confidentialit\u00e9, en accord avec le R\u00e8glement G\u00e9n\u00e9ral sur la Protection des Donn\u00e9es (RGPD).<\/label>\t\t\t<\/span>\n\t\t<\/div>\n\t\t\t\t\t\t<\/div>\n\t\t\t\t\t\t\t\t<div class=\"elementor-field-type-recaptcha_v3 elementor-field-group elementor-column elementor-field-group-field_f6ff8f0 elementor-col-100 recaptcha_v3-bottomright\">\n\t\t\t\t\t<div class=\"elementor-field\" id=\"form-field-field_f6ff8f0\"><\/div>\t\t\t\t<\/div>\n\t\t\t\t\t\t\t\t<div class=\"elementor-field-group elementor-column elementor-field-type-submit elementor-col-100 e-form__buttons\">\n\t\t\t\t\t<button class=\"elementor-button elementor-size-sm\" type=\"submit\">\n\t\t\t\t\t\t<span class=\"elementor-button-content-wrapper\">\n\t\t\t\t\t\t\t\t\t\t\t\t\t\t\t\t\t\t\t\t\t\t<span class=\"elementor-button-text\">Envoyer<\/span>\n\t\t\t\t\t\t\t\t\t\t\t\t\t<\/span>\n\t\t\t\t\t<\/button>\n\t\t\t\t<\/div>\n\t\t\t<\/div>\n\t\t<\/form>\n\t\t\t\t\t\t<\/div>\n\t\t\t\t<\/div>\n\t\t\t\t<\/div>\n\t\t\t\t<\/div>\n\t\t\t\t<\/div>\n\t\t","protected":false},"excerpt":{"rendered":"<p>Nous contacter Besoin d&rsquo;aide ou avez-vous des questions ? Ne cherchez pas plus loin, contactez-nous et laissez-nous vous assister avec toute demande ou pr\u00e9occupation. S&rsquo;inscrire Demande d&rsquo;informations Nos coordonn\u00e9es 10\/12 Rue Andras Beck, 92360 Meudon contact@cinnk.com Nous contacter par email<\/p>\n","protected":false},"author":1,"featured_media":0,"parent":0,"menu_order":0,"comment_status":"closed","ping_status":"closed","template":"elementor_header_footer","meta":{"inline_featured_image":false,"footnotes":""},"class_list":["post-1662","page","type-page","status-publish","hentry"],"yoast_head":"<!-- This site is optimized with the Yoast SEO plugin v26.5 - https:\/\/yoast.com\/wordpress\/plugins\/seo\/ -->\n<title>Nous contacter | Cinnk<\/title>\n<meta name=\"robots\" content=\"index, follow, max-snippet:-1, max-image-preview:large, max-video-preview:-1\" \/>\n<link rel=\"canonical\" href=\"https:\/\/cinnk.com\/fr\/contact\/\" \/>\n<meta property=\"og:locale\" content=\"fr_FR\" \/>\n<meta property=\"og:type\" content=\"article\" \/>\n<meta property=\"og:title\" content=\"Nous contacter | Cinnk\" \/>\n<meta property=\"og:description\" content=\"Nous contacter Besoin d&rsquo;aide ou avez-vous des questions ? Ne cherchez pas plus loin, contactez-nous et laissez-nous vous assister avec toute demande ou pr\u00e9occupation. S&rsquo;inscrire Demande d&rsquo;informations Nos coordonn\u00e9es 10\/12 Rue Andras Beck, 92360 Meudon contact@cinnk.com Nous contacter par email\" \/>\n<meta property=\"og:url\" content=\"https:\/\/cinnk.com\/fr\/contact\/\" \/>\n<meta property=\"og:site_name\" content=\"Cinnk\" \/>\n<meta property=\"article:publisher\" content=\"https:\/\/www.facebook.com\/Cinnk.formation\" \/>\n<meta property=\"article:modified_time\" content=\"2026-04-28T10:36:11+00:00\" \/>\n<meta property=\"og:image\" content=\"https:\/\/cinnk.com\/wp-content\/uploads\/2024\/10\/Logo-font.jpg\" \/>\n\t<meta property=\"og:image:width\" content=\"500\" \/>\n\t<meta property=\"og:image:height\" content=\"500\" \/>\n\t<meta property=\"og:image:type\" content=\"image\/jpeg\" \/>\n<meta name=\"twitter:card\" content=\"summary_large_image\" \/>\n<meta name=\"twitter:site\" content=\"@CinnkCom\" \/>\n<meta name=\"twitter:label1\" content=\"Dur\u00e9e de lecture estim\u00e9e\" \/>\n\t<meta name=\"twitter:data1\" content=\"1 minute\" \/>\n<script type=\"application\/ld+json\" class=\"yoast-schema-graph\">{\"@context\":\"https:\/\/schema.org\",\"@graph\":[{\"@type\":\"WebPage\",\"@id\":\"https:\/\/cinnk.com\/fr\/contact\/\",\"url\":\"https:\/\/cinnk.com\/fr\/contact\/\",\"name\":\"Nous contacter | Cinnk\",\"isPartOf\":{\"@id\":\"https:\/\/cinnk.com\/fr\/#website\"},\"datePublished\":\"2023-11-03T13:04:17+00:00\",\"dateModified\":\"2026-04-28T10:36:11+00:00\",\"breadcrumb\":{\"@id\":\"https:\/\/cinnk.com\/fr\/contact\/#breadcrumb\"},\"inLanguage\":\"fr-FR\",\"potentialAction\":[{\"@type\":\"ReadAction\",\"target\":[\"https:\/\/cinnk.com\/fr\/contact\/\"]}]},{\"@type\":\"BreadcrumbList\",\"@id\":\"https:\/\/cinnk.com\/fr\/contact\/#breadcrumb\",\"itemListElement\":[{\"@type\":\"ListItem\",\"position\":1,\"name\":\"Accueil\",\"item\":\"https:\/\/cinnk.com\/fr\/\"},{\"@type\":\"ListItem\",\"position\":2,\"name\":\"Nous contacter\"}]},{\"@type\":\"WebSite\",\"@id\":\"https:\/\/cinnk.com\/fr\/#website\",\"url\":\"https:\/\/cinnk.com\/fr\/\",\"name\":\"Cinnk\",\"description\":\"\",\"publisher\":{\"@id\":\"https:\/\/cinnk.com\/fr\/#organization\"},\"potentialAction\":[{\"@type\":\"SearchAction\",\"target\":{\"@type\":\"EntryPoint\",\"urlTemplate\":\"https:\/\/cinnk.com\/fr\/?s={search_term_string}\"},\"query-input\":{\"@type\":\"PropertyValueSpecification\",\"valueRequired\":true,\"valueName\":\"search_term_string\"}}],\"inLanguage\":\"fr-FR\"},{\"@type\":\"Organization\",\"@id\":\"https:\/\/cinnk.com\/fr\/#organization\",\"name\":\"Cinnk\",\"url\":\"https:\/\/cinnk.com\/fr\/\",\"logo\":{\"@type\":\"ImageObject\",\"inLanguage\":\"fr-FR\",\"@id\":\"https:\/\/cinnk.com\/fr\/#\/schema\/logo\/image\/\",\"url\":\"https:\/\/cinnk.com\/wp-content\/uploads\/2023\/10\/logo-svg-orange_new.svg\",\"contentUrl\":\"https:\/\/cinnk.com\/wp-content\/uploads\/2023\/10\/logo-svg-orange_new.svg\",\"width\":125,\"height\":32,\"caption\":\"Cinnk\"},\"image\":{\"@id\":\"https:\/\/cinnk.com\/fr\/#\/schema\/logo\/image\/\"},\"sameAs\":[\"https:\/\/www.facebook.com\/Cinnk.formation\",\"https:\/\/x.com\/CinnkCom\",\"https:\/\/www.instagram.com\/cinnk\"]}]}<\/script>\n<!-- \/ Yoast SEO plugin. -->","yoast_head_json":{"title":"Nous contacter | Cinnk","robots":{"index":"index","follow":"follow","max-snippet":"max-snippet:-1","max-image-preview":"max-image-preview:large","max-video-preview":"max-video-preview:-1"},"canonical":"https:\/\/cinnk.com\/fr\/contact\/","og_locale":"fr_FR","og_type":"article","og_title":"Nous contacter | Cinnk","og_description":"Nous contacter Besoin d&rsquo;aide ou avez-vous des questions ? Ne cherchez pas plus loin, contactez-nous et laissez-nous vous assister avec toute demande ou pr\u00e9occupation. S&rsquo;inscrire Demande d&rsquo;informations Nos coordonn\u00e9es 10\/12 Rue Andras Beck, 92360 Meudon contact@cinnk.com Nous contacter par email","og_url":"https:\/\/cinnk.com\/fr\/contact\/","og_site_name":"Cinnk","article_publisher":"https:\/\/www.facebook.com\/Cinnk.formation","article_modified_time":"2026-04-28T10:36:11+00:00","og_image":[{"width":500,"height":500,"url":"https:\/\/cinnk.com\/wp-content\/uploads\/2024\/10\/Logo-font.jpg","type":"image\/jpeg"}],"twitter_card":"summary_large_image","twitter_site":"@CinnkCom","twitter_misc":{"Dur\u00e9e de lecture estim\u00e9e":"1 minute"},"schema":{"@context":"https:\/\/schema.org","@graph":[{"@type":"WebPage","@id":"https:\/\/cinnk.com\/fr\/contact\/","url":"https:\/\/cinnk.com\/fr\/contact\/","name":"Nous contacter | Cinnk","isPartOf":{"@id":"https:\/\/cinnk.com\/fr\/#website"},"datePublished":"2023-11-03T13:04:17+00:00","dateModified":"2026-04-28T10:36:11+00:00","breadcrumb":{"@id":"https:\/\/cinnk.com\/fr\/contact\/#breadcrumb"},"inLanguage":"fr-FR","potentialAction":[{"@type":"ReadAction","target":["https:\/\/cinnk.com\/fr\/contact\/"]}]},{"@type":"BreadcrumbList","@id":"https:\/\/cinnk.com\/fr\/contact\/#breadcrumb","itemListElement":[{"@type":"ListItem","position":1,"name":"Accueil","item":"https:\/\/cinnk.com\/fr\/"},{"@type":"ListItem","position":2,"name":"Nous contacter"}]},{"@type":"WebSite","@id":"https:\/\/cinnk.com\/fr\/#website","url":"https:\/\/cinnk.com\/fr\/","name":"Cinnk","description":"","publisher":{"@id":"https:\/\/cinnk.com\/fr\/#organization"},"potentialAction":[{"@type":"SearchAction","target":{"@type":"EntryPoint","urlTemplate":"https:\/\/cinnk.com\/fr\/?s={search_term_string}"},"query-input":{"@type":"PropertyValueSpecification","valueRequired":true,"valueName":"search_term_string"}}],"inLanguage":"fr-FR"},{"@type":"Organization","@id":"https:\/\/cinnk.com\/fr\/#organization","name":"Cinnk","url":"https:\/\/cinnk.com\/fr\/","logo":{"@type":"ImageObject","inLanguage":"fr-FR","@id":"https:\/\/cinnk.com\/fr\/#\/schema\/logo\/image\/","url":"https:\/\/cinnk.com\/wp-content\/uploads\/2023\/10\/logo-svg-orange_new.svg","contentUrl":"https:\/\/cinnk.com\/wp-content\/uploads\/2023\/10\/logo-svg-orange_new.svg","width":125,"height":32,"caption":"Cinnk"},"image":{"@id":"https:\/\/cinnk.com\/fr\/#\/schema\/logo\/image\/"},"sameAs":["https:\/\/www.facebook.com\/Cinnk.formation","https:\/\/x.com\/CinnkCom","https:\/\/www.instagram.com\/cinnk"]}]}},"_links":{"self":[{"href":"https:\/\/cinnk.com\/fr\/wp-json\/wp\/v2\/pages\/1662","targetHints":{"allow":["GET"]}}],"collection":[{"href":"https:\/\/cinnk.com\/fr\/wp-json\/wp\/v2\/pages"}],"about":[{"href":"https:\/\/cinnk.com\/fr\/wp-json\/wp\/v2\/types\/page"}],"author":[{"embeddable":true,"href":"https:\/\/cinnk.com\/fr\/wp-json\/wp\/v2\/users\/1"}],"replies":[{"embeddable":true,"href":"https:\/\/cinnk.com\/fr\/wp-json\/wp\/v2\/comments?post=1662"}],"version-history":[{"count":31,"href":"https:\/\/cinnk.com\/fr\/wp-json\/wp\/v2\/pages\/1662\/revisions"}],"predecessor-version":[{"id":7436,"href":"https:\/\/cinnk.com\/fr\/wp-json\/wp\/v2\/pages\/1662\/revisions\/7436"}],"wp:attachment":[{"href":"https:\/\/cinnk.com\/fr\/wp-json\/wp\/v2\/media?parent=1662"}],"curies":[{"name":"wp","href":"https:\/\/api.w.org\/{rel}","templated":true}]}}