{"id":1672,"date":"2023-11-03T13:19:16","date_gmt":"2023-11-03T13:19:16","guid":{"rendered":"https:\/\/cinnk.com\/?page_id=1672"},"modified":"2024-04-27T15:36:57","modified_gmt":"2024-04-27T15:36:57","slug":"legal","status":"publish","type":"page","link":"https:\/\/cinnk.com\/fr\/legal\/","title":{"rendered":"Mentions-L\u00e9gales"},"content":{"rendered":"\t\t<div data-elementor-type=\"wp-page\" data-elementor-id=\"1672\" class=\"elementor elementor-1672\" data-elementor-post-type=\"page\">\n\t\t\t\t<div class=\"elementor-element elementor-element-a1f1f5e e-flex e-con-boxed e-con e-parent\" data-id=\"a1f1f5e\" data-element_type=\"container\" data-settings=\"{&quot;background_background&quot;:&quot;classic&quot;}\">\n\t\t\t\t\t<div class=\"e-con-inner\">\n\t\t\t\t<div class=\"elementor-element elementor-element-ce40075 elementor-widget elementor-widget-heading\" data-id=\"ce40075\" data-element_type=\"widget\" data-widget_type=\"heading.default\">\n\t\t\t\t<div class=\"elementor-widget-container\">\n\t\t\t\t\t<h2 class=\"elementor-heading-title elementor-size-default\">Mentions L\u00e9gales<\/h2>\t\t\t\t<\/div>\n\t\t\t\t<\/div>\n\t\t\t\t\t<\/div>\n\t\t\t\t<\/div>\n\t\t<div class=\"elementor-element elementor-element-ddaa5cc e-flex e-con-boxed e-con e-parent\" data-id=\"ddaa5cc\" data-element_type=\"container\" data-settings=\"{&quot;background_background&quot;:&quot;classic&quot;}\">\n\t\t\t\t\t<div class=\"e-con-inner\">\n\t\t\t\t<div class=\"elementor-element elementor-element-2de169a elementor-widget elementor-widget-spacer\" data-id=\"2de169a\" data-element_type=\"widget\" data-widget_type=\"spacer.default\">\n\t\t\t\t<div class=\"elementor-widget-container\">\n\t\t\t\t\t\t\t<div class=\"elementor-spacer\">\n\t\t\t<div class=\"elementor-spacer-inner\"><\/div>\n\t\t<\/div>\n\t\t\t\t\t\t<\/div>\n\t\t\t\t<\/div>\n\t\t\t\t<div class=\"elementor-element elementor-element-c7f7729 elementor-widget elementor-widget-text-editor\" data-id=\"c7f7729\" data-element_type=\"widget\" data-widget_type=\"text-editor.default\">\n\t\t\t\t<div class=\"elementor-widget-container\">\n\t\t\t\t\t\t\t\t\t<p>Conform\u00e9ment aux dispositions des Articles 6-III et 19 de la Loi n\u00b02004-575 du 21 juin 2004 pour la Confiance dans l\u2019\u00e9conomie num\u00e9rique, dite L.C.E.N., il est port\u00e9 \u00e0 la connaissance des utilisateurs et visiteurs du site Cinnk les pr\u00e9sentes mentions l\u00e9gales.<br \/>Le siteCinnk est accessible \u00e0 l\u2019adresse suivante : www.cinnk.com (ci-apr\u00e8s \u00ab\u00a0le Site\u00a0\u00bb). L\u2019acc\u00e8s et l\u2019utilisation du Site sont soumis aux pr\u00e9sentes \u00ab\u00a0Mentions l\u00e9gales\u00a0\u00bb d\u00e9taill\u00e9es ci-apr\u00e8s ainsi qu\u2019aux lois et\/ou r\u00e8glements applicables.<\/p><p>La connexion, l\u2019utilisation et l\u2019acc\u00e8s \u00e0 ce Site impliquent l\u2019acceptation int\u00e9grale et sans r\u00e9serve de l\u2019internaute de toutes les dispositions des pr\u00e9sentes Mentions L\u00e9gales.<\/p><p><strong><br \/>ARTICLE 1 \u2013 INFORMATIONS L\u00c9GALES<\/strong><\/p><p>En vertu de l\u2019Article 6 de la Loi n\u00b0 2004-575 du 21 juin 2004 pour la confiance dans l\u2019\u00e9conomie num\u00e9rique, il est pr\u00e9cis\u00e9 dans cet article l\u2019identit\u00e9 des diff\u00e9rents intervenants dans le cadre de sa r\u00e9alisation et de son suivi.<\/p><p>Le site Cinnk est \u00e9dit\u00e9 par : <strong>Cinnk SAS<br \/><\/strong>ayant son si\u00e8ge social \u00e0 l\u2019adresse suivante : 10\/12 Rue Andras Beck &#8211; 92360 Meudon, et immatricul\u00e9e au num\u00e9ro suivant : R.C.S. Nanterre 885 040 774.<br \/>Adresse e-mail :\u00a0contact@cinnk.com<\/p><p>ci apr\u00e8s \u00ab\u00a0l\u2019\u00c9diteur\u00a0\u00bb<\/p><p>Le Directeur de publication est :\u00a0<strong>Guillaume Boutin-Lefeuvre<br \/><\/strong>Adresse e-mail de contact :\u00a0contact@cinnk.com<\/p><p>ci apr\u00e8s \u00ab\u00a0le Directeur de publication\u00a0\u00bb<\/p><p>Le site Cinnk est h\u00e9berg\u00e9 par : <strong>Scaleway<br \/><\/strong>dont le si\u00e8ge est situ\u00e9 \u00e0 l\u2019adresse suivante : 8 rue de la Ville l\u2019Ev\u00eaque, 75008 Paris \u2013 France<\/p><p>ci apr\u00e8s \u00ab\u00a0l\u2019H\u00e9bergeur\u00a0\u00bb<\/p><p>Sont consid\u00e9r\u00e9s comme utilisateurs tout les internautes qui naviguent, lisent, visionnent et utilisent le site Cinnk.<\/p><p>ci apr\u00e8s les \u00a0\u00bb Utilisateurs \u00a0\u00bb<\/p><p><strong><br \/>ARTICLE 2 \u2013 ACCESSIBILIT\u00c9<\/strong><\/p><p>Le Site est par principe accessible aux utilisateurs 24\/24h et 7\/7j, sauf interruption, programm\u00e9e ou non, pour des besoins de maintenance ou en cas de force majeure.<\/p><p>En cas d\u2019impossibilit\u00e9 d\u2019acc\u00e8s au Site, celui-ci s\u2019engage \u00e0 faire son maximum afin d\u2019en r\u00e9tablir l\u2019acc\u00e8s. Le Site ne saurait \u00eatre tenu pour responsable de tout dommage, quelle qu\u2019en soit la nature, r\u00e9sultant de son indisponibilit\u00e9.<\/p><p><strong><br \/>ARTICLE 3 \u2013 COLLECTE DE DONN\u00c9ES ET LOI INFORMATIQUE ET LIBERT\u00c9S<\/strong><\/p><p>Le site est exempt\u00e9 de d\u00e9claration \u00e0 la Commission Nationale Informatique et Libert\u00e9s (CNIL) dans la mesure o\u00f9 il ne collecte aucune donn\u00e9e des Utilisateurs.<\/p><p><strong><br \/>ARTICLE 4 \u2013 POLITIQUE DE COOKIES<\/strong><\/p><p>Le site a \u00e9ventuellement recours aux techniques de \u00ab\u00a0cookies\u00a0\u00bb lui permettant de traiter des statistiques et des informations sur le trafic, de faciliter la navigation et d\u2019am\u00e9liorer le service pour le confort de l\u2019Utilisateur.<\/p><p>Conform\u00e9ment \u00e0 la l\u00e9gislation europ\u00e9enne, le site a mis \u00e0 jour sa politique de confidentialit\u00e9 en mati\u00e8re de cookies. L\u2019Utilisateur est libre d\u2019accepter ou de refuser les cookies de tous les sites internet en modifiant les param\u00e8tres de son navigateur internet.<\/p><p><strong><br \/>ARTICLE 5 \u2013 LOI APPLICABLE ET JURIDICTION<\/strong><\/p><p>Les pr\u00e9sentes Mentions L\u00e9gales sont r\u00e9gies par la loi fran\u00e7aise. En cas de diff\u00e9rend et \u00e0 d\u00e9faut d\u2019accord amiable, le litige sera port\u00e9 devant les tribunaux fran\u00e7ais conform\u00e9ment aux r\u00e8gles de comp\u00e9tence en vigueur.<\/p><p><strong><br \/>ARTICLE 6 \u2013 CONTACT<\/strong><\/p><p>Pour tout signalement de contenus ou d\u2019activit\u00e9s illicites, l\u2019Utilisateur peut contacter l\u2019\u00c9diteur \u00e0 l\u2019adresse suivante :\u00a0contact@cinnk.com, ou par courrier recommand\u00e9 avec accus\u00e9 de r\u00e9ception adress\u00e9 \u00e0 l\u2019\u00c9diteur aux coordonn\u00e9es pr\u00e9cis\u00e9es dans les pr\u00e9sentes mentions l\u00e9gales.<br \/><br \/><\/p><p><strong>ARTICLE 7 \u2013 Formation<\/strong><\/p><p>La soci\u00e9t\u00e9 Cinnk est enregistr\u00e9 sous le num\u00e9ro 11756135475. Cet enregistrement ne vaut pas agr\u00e9ment par l&rsquo;\u00c9tat.<\/p>\t\t\t\t\t\t\t\t<\/div>\n\t\t\t\t<\/div>\n\t\t\t\t\t<\/div>\n\t\t\t\t<\/div>\n\t\t\t\t<\/div>\n\t\t","protected":false},"excerpt":{"rendered":"<p>Mentions L\u00e9gales Conform\u00e9ment aux dispositions des Articles 6-III et 19 de la Loi n\u00b02004-575 du 21 juin 2004 pour la Confiance dans l\u2019\u00e9conomie num\u00e9rique, dite L.C.E.N., il est port\u00e9 \u00e0 la connaissance des utilisateurs et visiteurs du site Cinnk les pr\u00e9sentes mentions l\u00e9gales.Le siteCinnk est accessible \u00e0 l\u2019adresse suivante : www.cinnk.com (ci-apr\u00e8s \u00ab\u00a0le Site\u00a0\u00bb). L\u2019acc\u00e8s [&hellip;]<\/p>\n","protected":false},"author":1,"featured_media":0,"parent":0,"menu_order":0,"comment_status":"closed","ping_status":"closed","template":"elementor_header_footer","meta":{"inline_featured_image":false,"footnotes":""},"class_list":["post-1672","page","type-page","status-publish","hentry"],"yoast_head":"<!-- This site is optimized with the Yoast SEO plugin v26.5 - https:\/\/yoast.com\/wordpress\/plugins\/seo\/ -->\n<title>Mentions-L\u00e9gales | Cinnk<\/title>\n<meta name=\"robots\" content=\"index, follow, max-snippet:-1, max-image-preview:large, max-video-preview:-1\" \/>\n<link rel=\"canonical\" href=\"https:\/\/cinnk.com\/fr\/legal\/\" \/>\n<meta property=\"og:locale\" content=\"fr_FR\" \/>\n<meta property=\"og:type\" content=\"article\" \/>\n<meta property=\"og:title\" content=\"Mentions-L\u00e9gales | Cinnk\" \/>\n<meta property=\"og:description\" content=\"Mentions L\u00e9gales Conform\u00e9ment aux dispositions des Articles 6-III et 19 de la Loi n\u00b02004-575 du 21 juin 2004 pour la Confiance dans l\u2019\u00e9conomie num\u00e9rique, dite L.C.E.N., il est port\u00e9 \u00e0 la connaissance des utilisateurs et visiteurs du site Cinnk les pr\u00e9sentes mentions l\u00e9gales.Le siteCinnk est accessible \u00e0 l\u2019adresse suivante : www.cinnk.com (ci-apr\u00e8s \u00ab\u00a0le Site\u00a0\u00bb). L\u2019acc\u00e8s [&hellip;]\" \/>\n<meta property=\"og:url\" content=\"https:\/\/cinnk.com\/fr\/legal\/\" \/>\n<meta property=\"og:site_name\" content=\"Cinnk\" \/>\n<meta property=\"article:publisher\" content=\"https:\/\/www.facebook.com\/Cinnk.formation\" \/>\n<meta property=\"article:modified_time\" content=\"2024-04-27T15:36:57+00:00\" \/>\n<meta property=\"og:image\" content=\"https:\/\/cinnk.com\/wp-content\/uploads\/2024\/10\/Logo-font.jpg\" \/>\n\t<meta property=\"og:image:width\" content=\"500\" \/>\n\t<meta property=\"og:image:height\" content=\"500\" \/>\n\t<meta property=\"og:image:type\" content=\"image\/jpeg\" \/>\n<meta name=\"twitter:card\" content=\"summary_large_image\" \/>\n<meta name=\"twitter:site\" content=\"@CinnkCom\" \/>\n<meta name=\"twitter:label1\" content=\"Dur\u00e9e de lecture estim\u00e9e\" \/>\n\t<meta name=\"twitter:data1\" content=\"3 minutes\" \/>\n<script type=\"application\/ld+json\" class=\"yoast-schema-graph\">{\"@context\":\"https:\/\/schema.org\",\"@graph\":[{\"@type\":\"WebPage\",\"@id\":\"https:\/\/cinnk.com\/fr\/legal\/\",\"url\":\"https:\/\/cinnk.com\/fr\/legal\/\",\"name\":\"Mentions-L\u00e9gales | Cinnk\",\"isPartOf\":{\"@id\":\"https:\/\/cinnk.com\/fr\/#website\"},\"datePublished\":\"2023-11-03T13:19:16+00:00\",\"dateModified\":\"2024-04-27T15:36:57+00:00\",\"breadcrumb\":{\"@id\":\"https:\/\/cinnk.com\/fr\/legal\/#breadcrumb\"},\"inLanguage\":\"fr-FR\",\"potentialAction\":[{\"@type\":\"ReadAction\",\"target\":[\"https:\/\/cinnk.com\/fr\/legal\/\"]}]},{\"@type\":\"BreadcrumbList\",\"@id\":\"https:\/\/cinnk.com\/fr\/legal\/#breadcrumb\",\"itemListElement\":[{\"@type\":\"ListItem\",\"position\":1,\"name\":\"Accueil\",\"item\":\"https:\/\/cinnk.com\/fr\/\"},{\"@type\":\"ListItem\",\"position\":2,\"name\":\"Mentions-L\u00e9gales\"}]},{\"@type\":\"WebSite\",\"@id\":\"https:\/\/cinnk.com\/fr\/#website\",\"url\":\"https:\/\/cinnk.com\/fr\/\",\"name\":\"Cinnk\",\"description\":\"\",\"publisher\":{\"@id\":\"https:\/\/cinnk.com\/fr\/#organization\"},\"potentialAction\":[{\"@type\":\"SearchAction\",\"target\":{\"@type\":\"EntryPoint\",\"urlTemplate\":\"https:\/\/cinnk.com\/fr\/?s={search_term_string}\"},\"query-input\":{\"@type\":\"PropertyValueSpecification\",\"valueRequired\":true,\"valueName\":\"search_term_string\"}}],\"inLanguage\":\"fr-FR\"},{\"@type\":\"Organization\",\"@id\":\"https:\/\/cinnk.com\/fr\/#organization\",\"name\":\"Cinnk\",\"url\":\"https:\/\/cinnk.com\/fr\/\",\"logo\":{\"@type\":\"ImageObject\",\"inLanguage\":\"fr-FR\",\"@id\":\"https:\/\/cinnk.com\/fr\/#\/schema\/logo\/image\/\",\"url\":\"https:\/\/cinnk.com\/wp-content\/uploads\/2023\/10\/logo-svg-orange_new.svg\",\"contentUrl\":\"https:\/\/cinnk.com\/wp-content\/uploads\/2023\/10\/logo-svg-orange_new.svg\",\"width\":125,\"height\":32,\"caption\":\"Cinnk\"},\"image\":{\"@id\":\"https:\/\/cinnk.com\/fr\/#\/schema\/logo\/image\/\"},\"sameAs\":[\"https:\/\/www.facebook.com\/Cinnk.formation\",\"https:\/\/x.com\/CinnkCom\",\"https:\/\/www.instagram.com\/cinnk\"]}]}<\/script>\n<!-- \/ Yoast SEO plugin. -->","yoast_head_json":{"title":"Mentions-L\u00e9gales | Cinnk","robots":{"index":"index","follow":"follow","max-snippet":"max-snippet:-1","max-image-preview":"max-image-preview:large","max-video-preview":"max-video-preview:-1"},"canonical":"https:\/\/cinnk.com\/fr\/legal\/","og_locale":"fr_FR","og_type":"article","og_title":"Mentions-L\u00e9gales | Cinnk","og_description":"Mentions L\u00e9gales Conform\u00e9ment aux dispositions des Articles 6-III et 19 de la Loi n\u00b02004-575 du 21 juin 2004 pour la Confiance dans l\u2019\u00e9conomie num\u00e9rique, dite L.C.E.N., il est port\u00e9 \u00e0 la connaissance des utilisateurs et visiteurs du site Cinnk les pr\u00e9sentes mentions l\u00e9gales.Le siteCinnk est accessible \u00e0 l\u2019adresse suivante : www.cinnk.com (ci-apr\u00e8s \u00ab\u00a0le Site\u00a0\u00bb). L\u2019acc\u00e8s [&hellip;]","og_url":"https:\/\/cinnk.com\/fr\/legal\/","og_site_name":"Cinnk","article_publisher":"https:\/\/www.facebook.com\/Cinnk.formation","article_modified_time":"2024-04-27T15:36:57+00:00","og_image":[{"width":500,"height":500,"url":"https:\/\/cinnk.com\/wp-content\/uploads\/2024\/10\/Logo-font.jpg","type":"image\/jpeg"}],"twitter_card":"summary_large_image","twitter_site":"@CinnkCom","twitter_misc":{"Dur\u00e9e de lecture estim\u00e9e":"3 minutes"},"schema":{"@context":"https:\/\/schema.org","@graph":[{"@type":"WebPage","@id":"https:\/\/cinnk.com\/fr\/legal\/","url":"https:\/\/cinnk.com\/fr\/legal\/","name":"Mentions-L\u00e9gales | Cinnk","isPartOf":{"@id":"https:\/\/cinnk.com\/fr\/#website"},"datePublished":"2023-11-03T13:19:16+00:00","dateModified":"2024-04-27T15:36:57+00:00","breadcrumb":{"@id":"https:\/\/cinnk.com\/fr\/legal\/#breadcrumb"},"inLanguage":"fr-FR","potentialAction":[{"@type":"ReadAction","target":["https:\/\/cinnk.com\/fr\/legal\/"]}]},{"@type":"BreadcrumbList","@id":"https:\/\/cinnk.com\/fr\/legal\/#breadcrumb","itemListElement":[{"@type":"ListItem","position":1,"name":"Accueil","item":"https:\/\/cinnk.com\/fr\/"},{"@type":"ListItem","position":2,"name":"Mentions-L\u00e9gales"}]},{"@type":"WebSite","@id":"https:\/\/cinnk.com\/fr\/#website","url":"https:\/\/cinnk.com\/fr\/","name":"Cinnk","description":"","publisher":{"@id":"https:\/\/cinnk.com\/fr\/#organization"},"potentialAction":[{"@type":"SearchAction","target":{"@type":"EntryPoint","urlTemplate":"https:\/\/cinnk.com\/fr\/?s={search_term_string}"},"query-input":{"@type":"PropertyValueSpecification","valueRequired":true,"valueName":"search_term_string"}}],"inLanguage":"fr-FR"},{"@type":"Organization","@id":"https:\/\/cinnk.com\/fr\/#organization","name":"Cinnk","url":"https:\/\/cinnk.com\/fr\/","logo":{"@type":"ImageObject","inLanguage":"fr-FR","@id":"https:\/\/cinnk.com\/fr\/#\/schema\/logo\/image\/","url":"https:\/\/cinnk.com\/wp-content\/uploads\/2023\/10\/logo-svg-orange_new.svg","contentUrl":"https:\/\/cinnk.com\/wp-content\/uploads\/2023\/10\/logo-svg-orange_new.svg","width":125,"height":32,"caption":"Cinnk"},"image":{"@id":"https:\/\/cinnk.com\/fr\/#\/schema\/logo\/image\/"},"sameAs":["https:\/\/www.facebook.com\/Cinnk.formation","https:\/\/x.com\/CinnkCom","https:\/\/www.instagram.com\/cinnk"]}]}},"_links":{"self":[{"href":"https:\/\/cinnk.com\/fr\/wp-json\/wp\/v2\/pages\/1672","targetHints":{"allow":["GET"]}}],"collection":[{"href":"https:\/\/cinnk.com\/fr\/wp-json\/wp\/v2\/pages"}],"about":[{"href":"https:\/\/cinnk.com\/fr\/wp-json\/wp\/v2\/types\/page"}],"author":[{"embeddable":true,"href":"https:\/\/cinnk.com\/fr\/wp-json\/wp\/v2\/users\/1"}],"replies":[{"embeddable":true,"href":"https:\/\/cinnk.com\/fr\/wp-json\/wp\/v2\/comments?post=1672"}],"version-history":[{"count":11,"href":"https:\/\/cinnk.com\/fr\/wp-json\/wp\/v2\/pages\/1672\/revisions"}],"predecessor-version":[{"id":4658,"href":"https:\/\/cinnk.com\/fr\/wp-json\/wp\/v2\/pages\/1672\/revisions\/4658"}],"wp:attachment":[{"href":"https:\/\/cinnk.com\/fr\/wp-json\/wp\/v2\/media?parent=1672"}],"curies":[{"name":"wp","href":"https:\/\/api.w.org\/{rel}","templated":true}]}}