{"id":3548,"date":"2024-04-15T09:43:35","date_gmt":"2024-04-15T09:43:35","guid":{"rendered":"https:\/\/cinnk.com\/?page_id=3548"},"modified":"2025-11-19T16:09:30","modified_gmt":"2025-11-19T16:09:30","slug":"ecole-hors-parcoursup","status":"publish","type":"page","link":"https:\/\/cinnk.com\/fr\/ecole\/ecole-hors-parcoursup\/","title":{"rendered":"Une \u00e9cole hors Parcoursup"},"content":{"rendered":"\t\t<div data-elementor-type=\"wp-page\" data-elementor-id=\"3548\" class=\"elementor elementor-3548\" data-elementor-post-type=\"page\">\n\t\t\t\t<div class=\"elementor-element elementor-element-aa2f48b e-flex e-con-boxed e-con e-parent\" data-id=\"aa2f48b\" data-element_type=\"container\" data-settings=\"{&quot;background_background&quot;:&quot;classic&quot;}\">\n\t\t\t\t\t<div class=\"e-con-inner\">\n\t\t\t\t<div class=\"elementor-element elementor-element-9259b2b elementor-widget elementor-widget-heading\" data-id=\"9259b2b\" data-element_type=\"widget\" data-widget_type=\"heading.default\">\n\t\t\t\t<div class=\"elementor-widget-container\">\n\t\t\t\t\t<h2 class=\"elementor-heading-title elementor-size-default\">Cinnk, une \u00e9cole hors Parcoursup<\/h2>\t\t\t\t<\/div>\n\t\t\t\t<\/div>\n\t\t\t\t<div class=\"elementor-element elementor-element-8c944f6 elementor-widget elementor-widget-text-editor\" data-id=\"8c944f6\" data-element_type=\"widget\" data-widget_type=\"text-editor.default\">\n\t\t\t\t<div class=\"elementor-widget-container\">\n\t\t\t\t\t\t\t\t\t<p>L\u2019\u00e9cole se construit autour d\u2019une p\u00e9dagogie pr\u00f4nant l\u2019autonomie, l\u2019initiative, la collaboration,<br \/>l\u2019innovation et l\u2019interdisciplinarit\u00e9<\/p>\t\t\t\t\t\t\t\t<\/div>\n\t\t\t\t<\/div>\n\t\t\t\t\t<\/div>\n\t\t\t\t<\/div>\n\t\t<div class=\"elementor-element elementor-element-e87140c e-con-full e-flex e-con e-parent\" data-id=\"e87140c\" data-element_type=\"container\">\n\t\t<div class=\"elementor-element elementor-element-195b222 e-con-full elementor-hidden-mobile e-flex e-con e-child\" data-id=\"195b222\" data-element_type=\"container\" data-settings=\"{&quot;background_background&quot;:&quot;classic&quot;}\">\n\t\t\t\t<div class=\"elementor-element elementor-element-c2cd24f e-full_width e-n-menu-layout-horizontal e-n-menu-tablet elementor-widget elementor-widget-n-menu\" data-id=\"c2cd24f\" data-element_type=\"widget\" data-settings=\"{&quot;menu_items&quot;:[{&quot;item_title&quot;:&quot;Cinnk et ParcourSup&quot;,&quot;_id&quot;:&quot;ffb24d7&quot;,&quot;item_link&quot;:{&quot;url&quot;:&quot;#parcoursup&quot;,&quot;is_external&quot;:&quot;&quot;,&quot;nofollow&quot;:&quot;&quot;,&quot;custom_attributes&quot;:&quot;&quot;},&quot;__dynamic__&quot;:null,&quot;item_dropdown_content&quot;:&quot;no&quot;,&quot;item_icon&quot;:{&quot;value&quot;:&quot;&quot;,&quot;library&quot;:&quot;&quot;},&quot;item_icon_active&quot;:null,&quot;element_id&quot;:&quot;&quot;},{&quot;item_title&quot;:&quot;Comment s&#039;inscrire ?&quot;,&quot;_id&quot;:&quot;d560c17&quot;,&quot;item_link&quot;:{&quot;url&quot;:&quot;#inscriptions&quot;,&quot;is_external&quot;:&quot;&quot;,&quot;nofollow&quot;:&quot;&quot;,&quot;custom_attributes&quot;:&quot;&quot;},&quot;__dynamic__&quot;:null,&quot;item_dropdown_content&quot;:&quot;no&quot;,&quot;item_icon&quot;:{&quot;value&quot;:&quot;&quot;,&quot;library&quot;:&quot;&quot;},&quot;item_icon_active&quot;:null,&quot;element_id&quot;:&quot;&quot;}],&quot;item_position_horizontal&quot;:&quot;start&quot;,&quot;sticky&quot;:&quot;top&quot;,&quot;sticky_offset&quot;:130,&quot;item_position_horizontal_mobile&quot;:&quot;end&quot;,&quot;horizontal_scroll_mobile&quot;:&quot;enable&quot;,&quot;menu_item_title_distance_from_content_mobile&quot;:{&quot;unit&quot;:&quot;px&quot;,&quot;size&quot;:0,&quot;sizes&quot;:[]},&quot;content_width&quot;:&quot;full_width&quot;,&quot;item_layout&quot;:&quot;horizontal&quot;,&quot;open_on&quot;:&quot;hover&quot;,&quot;horizontal_scroll&quot;:&quot;disable&quot;,&quot;breakpoint_selector&quot;:&quot;tablet&quot;,&quot;menu_item_title_distance_from_content&quot;:{&quot;unit&quot;:&quot;px&quot;,&quot;size&quot;:0,&quot;sizes&quot;:[]},&quot;menu_item_title_distance_from_content_tablet&quot;:{&quot;unit&quot;:&quot;px&quot;,&quot;size&quot;:&quot;&quot;,&quot;sizes&quot;:[]},&quot;sticky_on&quot;:[&quot;desktop&quot;,&quot;tablet&quot;,&quot;mobile&quot;],&quot;sticky_effects_offset&quot;:0,&quot;sticky_anchor_link_offset&quot;:0}\" data-widget_type=\"mega-menu.default\">\n\t\t\t\t<div class=\"elementor-widget-container\">\n\t\t\t\t\t\t\t<nav class=\"e-n-menu\" data-widget-number=\"204\" aria-label=\"Menu\">\n\t\t\t\t\t<button class=\"e-n-menu-toggle\" id=\"menu-toggle-204\" aria-haspopup=\"true\" aria-expanded=\"false\" aria-controls=\"menubar-204\" aria-label=\"Permuter le menu\">\n\t\t\t<span class=\"e-n-menu-toggle-icon e-open\">\n\t\t\t\t<i class=\"eicon-menu-bar\"><\/i>\t\t\t<\/span>\n\t\t\t<span class=\"e-n-menu-toggle-icon e-close\">\n\t\t\t\t<i class=\"eicon-close\"><\/i>\t\t\t<\/span>\n\t\t<\/button>\n\t\t\t\t\t<div class=\"e-n-menu-wrapper\" id=\"menubar-204\" aria-labelledby=\"menu-toggle-204\">\n\t\t\t\t<ul class=\"e-n-menu-heading\">\n\t\t\t\t\t\t\t\t<li class=\"e-n-menu-item\">\n\t\t\t\t<div id=\"e-n-menu-title-2041\" class=\"e-n-menu-title e-anchor\">\n\t\t\t\t\t<a class=\"e-n-menu-title-container e-focus e-link\" href=\"#parcoursup\" aria-current=\"page\">\t\t\t\t\t\t\t\t\t\t\t\t<span class=\"e-n-menu-title-text\">\n\t\t\t\t\t\t\tCinnk et ParcourSup\t\t\t\t\t\t<\/span>\n\t\t\t\t\t<\/a>\t\t\t\t\t\t\t\t\t<\/div>\n\t\t\t\t\t\t\t<\/li>\n\t\t\t\t\t<li class=\"e-n-menu-item\">\n\t\t\t\t<div id=\"e-n-menu-title-2042\" class=\"e-n-menu-title e-anchor\">\n\t\t\t\t\t<a class=\"e-n-menu-title-container e-focus e-link\" href=\"#inscriptions\" aria-current=\"page\">\t\t\t\t\t\t\t\t\t\t\t\t<span class=\"e-n-menu-title-text\">\n\t\t\t\t\t\t\tComment s'inscrire ?\t\t\t\t\t\t<\/span>\n\t\t\t\t\t<\/a>\t\t\t\t\t\t\t\t\t<\/div>\n\t\t\t\t\t\t\t<\/li>\n\t\t\t\t\t\t<\/ul>\n\t\t\t<\/div>\n\t\t<\/nav>\n\t\t\t\t\t\t<\/div>\n\t\t\t\t<\/div>\n\t\t\t\t<\/div>\n\t\t<div class=\"elementor-element elementor-element-6cdae00 e-con-full e-flex e-con e-child\" data-id=\"6cdae00\" data-element_type=\"container\">\n\t\t\t\t<div class=\"elementor-element elementor-element-72187ff elementor-widget elementor-widget-heading\" data-id=\"72187ff\" data-element_type=\"widget\" id=\"parcoursup\" data-widget_type=\"heading.default\">\n\t\t\t\t<div class=\"elementor-widget-container\">\n\t\t\t\t\t<h2 class=\"elementor-heading-title elementor-size-default\">Cinnk <span style=\"font-weight: 400\">ne figure<\/span> pas dans Parcoursup\n<\/h2>\t\t\t\t<\/div>\n\t\t\t\t<\/div>\n\t\t\t\t<div class=\"elementor-element elementor-element-e63fe94 elementor-widget__width-initial elementor-widget elementor-widget-text-editor\" data-id=\"e63fe94\" data-element_type=\"widget\" data-widget_type=\"text-editor.default\">\n\t\t\t\t<div class=\"elementor-widget-container\">\n\t\t\t\t\t\t\t\t\t<p>Cinnk a fait le choix de ne pas passer par Parcoursup et vous propose d&rsquo;effectuer une candidature directement aupr\u00e8s de l&rsquo;\u00e9cole. Notre \u00e9quipe p\u00e9dagogique se tient\u00a0 \u00e0 votre disposition afin de vous accompagner dans votre inscription et votre projet professionnel.<\/p>\t\t\t\t\t\t\t\t<\/div>\n\t\t\t\t<\/div>\n\t\t<div class=\"elementor-element elementor-element-209c41e e-con-full e-flex e-con e-child\" data-id=\"209c41e\" data-element_type=\"container\">\n\t\t<div class=\"elementor-element elementor-element-a2e5c8c e-con-full e-flex e-con e-child\" data-id=\"a2e5c8c\" data-element_type=\"container\">\n\t\t\t\t<div class=\"elementor-element elementor-element-51a58ba elementor-widget elementor-widget-heading\" data-id=\"51a58ba\" data-element_type=\"widget\" data-widget_type=\"heading.default\">\n\t\t\t\t<div class=\"elementor-widget-container\">\n\t\t\t\t\t<h3 class=\"elementor-heading-title elementor-size-default\">D\u00e9poser ma candidature\nchez Cinnk sera-t-il <span style=\"font-weight: 700\">p\u00e9nalisant pour Parcoursup  ?<\/span> <\/h3>\t\t\t\t<\/div>\n\t\t\t\t<\/div>\n\t\t\t\t<div class=\"elementor-element elementor-element-1ca73dd elementor-widget__width-initial elementor-widget elementor-widget-text-editor\" data-id=\"1ca73dd\" data-element_type=\"widget\" data-widget_type=\"text-editor.default\">\n\t\t\t\t<div class=\"elementor-widget-container\">\n\t\t\t\t\t\t\t\t\t<p>Absolument pas, vous serez totalement libre de d\u00e9poser vos candidatures sur la plateforme Parcoursup, en parall\u00e8le de votre candidature chez Cinnk. Ces d\u00e9marches pour int\u00e9grer notre \u00e9cole n&rsquo;ont absolument aucun impact sur vos v\u0153ux Parcoursup.<\/p><p>\u00a0<\/p>\t\t\t\t\t\t\t\t<\/div>\n\t\t\t\t<\/div>\n\t\t\t\t<\/div>\n\t\t<div class=\"elementor-element elementor-element-36e8e50 e-con-full e-flex e-con e-child\" data-id=\"36e8e50\" data-element_type=\"container\">\n\t\t\t\t<div class=\"elementor-element elementor-element-5918c97 elementor-widget elementor-widget-heading\" data-id=\"5918c97\" data-element_type=\"widget\" data-widget_type=\"heading.default\">\n\t\t\t\t<div class=\"elementor-widget-container\">\n\t\t\t\t\t<h3 class=\"elementor-heading-title elementor-size-default\">Quelle est la <span style=\"font-weight: 700\">meilleure\ndate pour d\u00e9poser ma\ncandidature ? <\/span><\/h3>\t\t\t\t<\/div>\n\t\t\t\t<\/div>\n\t\t\t\t<div class=\"elementor-element elementor-element-8d308bc elementor-widget__width-initial elementor-widget elementor-widget-text-editor\" data-id=\"8d308bc\" data-element_type=\"widget\" data-widget_type=\"text-editor.default\">\n\t\t\t\t<div class=\"elementor-widget-container\">\n\t\t\t\t\t\t\t\t\t<p>Pour nos rentr\u00e9es de septembre, les inscriptions sont ouvertes d\u00e8s le mois de janvier de l&rsquo;ann\u00e9e de rentr\u00e9e souhait\u00e9e. Vous n&rsquo;avez pas besoin d&rsquo;attendre les r\u00e9sultats du baccalaur\u00e9at ou d&rsquo;avoir votre contrat d&rsquo;alternance pour commencer \u00e0 \u00e9changer avec nous.<\/p><p>Des appels en visioconf\u00e9rence ou par t\u00e9l\u00e9phone avec nos conseillers vous sont disponibles afin de parfaire au mieux votre inscription et comprendre votre projet professionnel.<\/p>\t\t\t\t\t\t\t\t<\/div>\n\t\t\t\t<\/div>\n\t\t\t\t<\/div>\n\t\t\t\t<\/div>\n\t\t<div class=\"elementor-element elementor-element-8152ad0 e-con-full e-flex e-con e-child\" data-id=\"8152ad0\" data-element_type=\"container\">\n\t\t\t\t<div class=\"elementor-element elementor-element-3c38126 elementor-widget elementor-widget-heading\" data-id=\"3c38126\" data-element_type=\"widget\" id=\"inscriptions\" data-widget_type=\"heading.default\">\n\t\t\t\t<div class=\"elementor-widget-container\">\n\t\t\t\t\t<h2 class=\"elementor-heading-title elementor-size-default\">Comment s'inscrire chez <span style=\"font-weight: 700\">Cinnk ?<\/span> <\/h2>\t\t\t\t<\/div>\n\t\t\t\t<\/div>\n\t\t\t\t<div class=\"elementor-element elementor-element-3589002 elementor-widget__width-initial elementor-widget elementor-widget-text-editor\" data-id=\"3589002\" data-element_type=\"widget\" data-widget_type=\"text-editor.default\">\n\t\t\t\t<div class=\"elementor-widget-container\">\n\t\t\t\t\t\t\t\t\t<p>Vous \u00eates motiv\u00e9 \u00e0 l&rsquo;id\u00e9e de nous rejoindre ? Prenez rendez-vous avec notre \u00e9quipe p\u00e9dagogique pour plus ample informations sur les inscriptions chez Cinnk !<\/p>\t\t\t\t\t\t\t\t<\/div>\n\t\t\t\t<\/div>\n\t\t\t\t<\/div>\n\t\t<div class=\"elementor-element elementor-element-6ffd5ac e-con-full e-flex e-con e-child\" data-id=\"6ffd5ac\" data-element_type=\"container\">\n\t\t\t\t<div class=\"elementor-element elementor-element-c0d88f1 elementor-mobile-align-center elementor-widget__width-auto elementor-widget-mobile__width-inherit elementor-widget elementor-widget-button\" data-id=\"c0d88f1\" data-element_type=\"widget\" data-widget_type=\"button.default\">\n\t\t\t\t<div class=\"elementor-widget-container\">\n\t\t\t\t\t\t\t\t\t<div class=\"elementor-button-wrapper\">\n\t\t\t\t\t<a class=\"elementor-button elementor-button-link elementor-size-md\" href=\"https:\/\/cinnk.com\/fr\/sinscrire\/\">\n\t\t\t\t\t\t<span class=\"elementor-button-content-wrapper\">\n\t\t\t\t\t\t<span class=\"elementor-button-icon\">\n\t\t\t\t<i aria-hidden=\"true\" class=\"fas fa-long-arrow-alt-right\"><\/i>\t\t\t<\/span>\n\t\t\t\t\t\t\t\t\t<span class=\"elementor-button-text\">S'inscrire d\u00e8s maintenant<\/span>\n\t\t\t\t\t<\/span>\n\t\t\t\t\t<\/a>\n\t\t\t\t<\/div>\n\t\t\t\t\t\t\t\t<\/div>\n\t\t\t\t<\/div>\n\t\t\t\t<div class=\"elementor-element elementor-element-d6aa26f elementor-mobile-align-center elementor-widget__width-auto elementor-widget-mobile__width-inherit elementor-widget elementor-widget-button\" data-id=\"d6aa26f\" data-element_type=\"widget\" data-widget_type=\"button.default\">\n\t\t\t\t<div class=\"elementor-widget-container\">\n\t\t\t\t\t\t\t\t\t<div class=\"elementor-button-wrapper\">\n\t\t\t\t\t<a class=\"elementor-button elementor-button-link elementor-size-md\" href=\"https:\/\/cinnk.com\/fr\/demande-dinformations\/\">\n\t\t\t\t\t\t<span class=\"elementor-button-content-wrapper\">\n\t\t\t\t\t\t<span class=\"elementor-button-icon\">\n\t\t\t\t<i aria-hidden=\"true\" class=\"far fa-question-circle\"><\/i>\t\t\t<\/span>\n\t\t\t\t\t\t\t\t\t<span class=\"elementor-button-text\">Demander des informations<\/span>\n\t\t\t\t\t<\/span>\n\t\t\t\t\t<\/a>\n\t\t\t\t<\/div>\n\t\t\t\t\t\t\t\t<\/div>\n\t\t\t\t<\/div>\n\t\t\t\t<\/div>\n\t\t\t\t<\/div>\n\t\t\t\t<\/div>\n\t\t\t\t<\/div>\n\t\t","protected":false},"excerpt":{"rendered":"<p>Cinnk, une \u00e9cole hors Parcoursup L\u2019\u00e9cole se construit autour d\u2019une p\u00e9dagogie pr\u00f4nant l\u2019autonomie, l\u2019initiative, la collaboration,l\u2019innovation et l\u2019interdisciplinarit\u00e9 Cinnk et ParcourSup Comment s&rsquo;inscrire ? Cinnk ne figure pas dans Parcoursup Cinnk a fait le choix de ne pas passer par Parcoursup et vous propose d&rsquo;effectuer une candidature directement aupr\u00e8s de l&rsquo;\u00e9cole. Notre \u00e9quipe p\u00e9dagogique se [&hellip;]<\/p>\n","protected":false},"author":1,"featured_media":0,"parent":3594,"menu_order":0,"comment_status":"closed","ping_status":"closed","template":"elementor_header_footer","meta":{"inline_featured_image":false,"footnotes":""},"class_list":["post-3548","page","type-page","status-publish","hentry"],"yoast_head":"<!-- This site is optimized with the Yoast SEO plugin v26.5 - https:\/\/yoast.com\/wordpress\/plugins\/seo\/ -->\n<title>Une \u00e9cole hors Parcoursup | Cinnk<\/title>\n<meta name=\"robots\" content=\"index, follow, max-snippet:-1, max-image-preview:large, max-video-preview:-1\" \/>\n<link rel=\"canonical\" href=\"https:\/\/cinnk.com\/fr\/ecole\/ecole-hors-parcoursup\/\" \/>\n<meta property=\"og:locale\" content=\"fr_FR\" \/>\n<meta property=\"og:type\" content=\"article\" \/>\n<meta property=\"og:title\" content=\"Une \u00e9cole hors Parcoursup | Cinnk\" \/>\n<meta property=\"og:description\" content=\"Cinnk, une \u00e9cole hors Parcoursup L\u2019\u00e9cole se construit autour d\u2019une p\u00e9dagogie pr\u00f4nant l\u2019autonomie, l\u2019initiative, la collaboration,l\u2019innovation et l\u2019interdisciplinarit\u00e9 Cinnk et ParcourSup Comment s&rsquo;inscrire ? Cinnk ne figure pas dans Parcoursup Cinnk a fait le choix de ne pas passer par Parcoursup et vous propose d&rsquo;effectuer une candidature directement aupr\u00e8s de l&rsquo;\u00e9cole. Notre \u00e9quipe p\u00e9dagogique se [&hellip;]\" \/>\n<meta property=\"og:url\" content=\"https:\/\/cinnk.com\/fr\/ecole\/ecole-hors-parcoursup\/\" \/>\n<meta property=\"og:site_name\" content=\"Cinnk\" \/>\n<meta property=\"article:publisher\" content=\"https:\/\/www.facebook.com\/Cinnk.formation\" \/>\n<meta property=\"article:modified_time\" content=\"2025-11-19T16:09:30+00:00\" \/>\n<meta property=\"og:image\" content=\"https:\/\/cinnk.com\/wp-content\/uploads\/2024\/10\/Logo-font.jpg\" \/>\n\t<meta property=\"og:image:width\" content=\"500\" \/>\n\t<meta property=\"og:image:height\" content=\"500\" \/>\n\t<meta property=\"og:image:type\" content=\"image\/jpeg\" \/>\n<meta name=\"twitter:card\" content=\"summary_large_image\" \/>\n<meta name=\"twitter:site\" content=\"@CinnkCom\" \/>\n<meta name=\"twitter:label1\" content=\"Dur\u00e9e de lecture estim\u00e9e\" \/>\n\t<meta name=\"twitter:data1\" content=\"2 minutes\" \/>\n<script type=\"application\/ld+json\" class=\"yoast-schema-graph\">{\"@context\":\"https:\/\/schema.org\",\"@graph\":[{\"@type\":\"WebPage\",\"@id\":\"https:\/\/cinnk.com\/fr\/ecole\/ecole-hors-parcoursup\/\",\"url\":\"https:\/\/cinnk.com\/fr\/ecole\/ecole-hors-parcoursup\/\",\"name\":\"Une \u00e9cole hors Parcoursup | Cinnk\",\"isPartOf\":{\"@id\":\"https:\/\/cinnk.com\/fr\/#website\"},\"datePublished\":\"2024-04-15T09:43:35+00:00\",\"dateModified\":\"2025-11-19T16:09:30+00:00\",\"breadcrumb\":{\"@id\":\"https:\/\/cinnk.com\/fr\/ecole\/ecole-hors-parcoursup\/#breadcrumb\"},\"inLanguage\":\"fr-FR\",\"potentialAction\":[{\"@type\":\"ReadAction\",\"target\":[\"https:\/\/cinnk.com\/fr\/ecole\/ecole-hors-parcoursup\/\"]}]},{\"@type\":\"BreadcrumbList\",\"@id\":\"https:\/\/cinnk.com\/fr\/ecole\/ecole-hors-parcoursup\/#breadcrumb\",\"itemListElement\":[{\"@type\":\"ListItem\",\"position\":1,\"name\":\"Accueil\",\"item\":\"https:\/\/cinnk.com\/fr\/\"},{\"@type\":\"ListItem\",\"position\":2,\"name\":\"\u00c9cole\",\"item\":\"https:\/\/cinnk.com\/fr\/ecole\/\"},{\"@type\":\"ListItem\",\"position\":3,\"name\":\"Une \u00e9cole hors Parcoursup\"}]},{\"@type\":\"WebSite\",\"@id\":\"https:\/\/cinnk.com\/fr\/#website\",\"url\":\"https:\/\/cinnk.com\/fr\/\",\"name\":\"Cinnk\",\"description\":\"\",\"publisher\":{\"@id\":\"https:\/\/cinnk.com\/fr\/#organization\"},\"potentialAction\":[{\"@type\":\"SearchAction\",\"target\":{\"@type\":\"EntryPoint\",\"urlTemplate\":\"https:\/\/cinnk.com\/fr\/?s={search_term_string}\"},\"query-input\":{\"@type\":\"PropertyValueSpecification\",\"valueRequired\":true,\"valueName\":\"search_term_string\"}}],\"inLanguage\":\"fr-FR\"},{\"@type\":\"Organization\",\"@id\":\"https:\/\/cinnk.com\/fr\/#organization\",\"name\":\"Cinnk\",\"url\":\"https:\/\/cinnk.com\/fr\/\",\"logo\":{\"@type\":\"ImageObject\",\"inLanguage\":\"fr-FR\",\"@id\":\"https:\/\/cinnk.com\/fr\/#\/schema\/logo\/image\/\",\"url\":\"https:\/\/cinnk.com\/wp-content\/uploads\/2023\/10\/logo-svg-orange_new.svg\",\"contentUrl\":\"https:\/\/cinnk.com\/wp-content\/uploads\/2023\/10\/logo-svg-orange_new.svg\",\"width\":125,\"height\":32,\"caption\":\"Cinnk\"},\"image\":{\"@id\":\"https:\/\/cinnk.com\/fr\/#\/schema\/logo\/image\/\"},\"sameAs\":[\"https:\/\/www.facebook.com\/Cinnk.formation\",\"https:\/\/x.com\/CinnkCom\",\"https:\/\/www.instagram.com\/cinnk\"]}]}<\/script>\n<!-- \/ Yoast SEO plugin. -->","yoast_head_json":{"title":"Une \u00e9cole hors Parcoursup | Cinnk","robots":{"index":"index","follow":"follow","max-snippet":"max-snippet:-1","max-image-preview":"max-image-preview:large","max-video-preview":"max-video-preview:-1"},"canonical":"https:\/\/cinnk.com\/fr\/ecole\/ecole-hors-parcoursup\/","og_locale":"fr_FR","og_type":"article","og_title":"Une \u00e9cole hors Parcoursup | Cinnk","og_description":"Cinnk, une \u00e9cole hors Parcoursup L\u2019\u00e9cole se construit autour d\u2019une p\u00e9dagogie pr\u00f4nant l\u2019autonomie, l\u2019initiative, la collaboration,l\u2019innovation et l\u2019interdisciplinarit\u00e9 Cinnk et ParcourSup Comment s&rsquo;inscrire ? Cinnk ne figure pas dans Parcoursup Cinnk a fait le choix de ne pas passer par Parcoursup et vous propose d&rsquo;effectuer une candidature directement aupr\u00e8s de l&rsquo;\u00e9cole. Notre \u00e9quipe p\u00e9dagogique se [&hellip;]","og_url":"https:\/\/cinnk.com\/fr\/ecole\/ecole-hors-parcoursup\/","og_site_name":"Cinnk","article_publisher":"https:\/\/www.facebook.com\/Cinnk.formation","article_modified_time":"2025-11-19T16:09:30+00:00","og_image":[{"width":500,"height":500,"url":"https:\/\/cinnk.com\/wp-content\/uploads\/2024\/10\/Logo-font.jpg","type":"image\/jpeg"}],"twitter_card":"summary_large_image","twitter_site":"@CinnkCom","twitter_misc":{"Dur\u00e9e de lecture estim\u00e9e":"2 minutes"},"schema":{"@context":"https:\/\/schema.org","@graph":[{"@type":"WebPage","@id":"https:\/\/cinnk.com\/fr\/ecole\/ecole-hors-parcoursup\/","url":"https:\/\/cinnk.com\/fr\/ecole\/ecole-hors-parcoursup\/","name":"Une \u00e9cole hors Parcoursup | Cinnk","isPartOf":{"@id":"https:\/\/cinnk.com\/fr\/#website"},"datePublished":"2024-04-15T09:43:35+00:00","dateModified":"2025-11-19T16:09:30+00:00","breadcrumb":{"@id":"https:\/\/cinnk.com\/fr\/ecole\/ecole-hors-parcoursup\/#breadcrumb"},"inLanguage":"fr-FR","potentialAction":[{"@type":"ReadAction","target":["https:\/\/cinnk.com\/fr\/ecole\/ecole-hors-parcoursup\/"]}]},{"@type":"BreadcrumbList","@id":"https:\/\/cinnk.com\/fr\/ecole\/ecole-hors-parcoursup\/#breadcrumb","itemListElement":[{"@type":"ListItem","position":1,"name":"Accueil","item":"https:\/\/cinnk.com\/fr\/"},{"@type":"ListItem","position":2,"name":"\u00c9cole","item":"https:\/\/cinnk.com\/fr\/ecole\/"},{"@type":"ListItem","position":3,"name":"Une \u00e9cole hors Parcoursup"}]},{"@type":"WebSite","@id":"https:\/\/cinnk.com\/fr\/#website","url":"https:\/\/cinnk.com\/fr\/","name":"Cinnk","description":"","publisher":{"@id":"https:\/\/cinnk.com\/fr\/#organization"},"potentialAction":[{"@type":"SearchAction","target":{"@type":"EntryPoint","urlTemplate":"https:\/\/cinnk.com\/fr\/?s={search_term_string}"},"query-input":{"@type":"PropertyValueSpecification","valueRequired":true,"valueName":"search_term_string"}}],"inLanguage":"fr-FR"},{"@type":"Organization","@id":"https:\/\/cinnk.com\/fr\/#organization","name":"Cinnk","url":"https:\/\/cinnk.com\/fr\/","logo":{"@type":"ImageObject","inLanguage":"fr-FR","@id":"https:\/\/cinnk.com\/fr\/#\/schema\/logo\/image\/","url":"https:\/\/cinnk.com\/wp-content\/uploads\/2023\/10\/logo-svg-orange_new.svg","contentUrl":"https:\/\/cinnk.com\/wp-content\/uploads\/2023\/10\/logo-svg-orange_new.svg","width":125,"height":32,"caption":"Cinnk"},"image":{"@id":"https:\/\/cinnk.com\/fr\/#\/schema\/logo\/image\/"},"sameAs":["https:\/\/www.facebook.com\/Cinnk.formation","https:\/\/x.com\/CinnkCom","https:\/\/www.instagram.com\/cinnk"]}]}},"_links":{"self":[{"href":"https:\/\/cinnk.com\/fr\/wp-json\/wp\/v2\/pages\/3548","targetHints":{"allow":["GET"]}}],"collection":[{"href":"https:\/\/cinnk.com\/fr\/wp-json\/wp\/v2\/pages"}],"about":[{"href":"https:\/\/cinnk.com\/fr\/wp-json\/wp\/v2\/types\/page"}],"author":[{"embeddable":true,"href":"https:\/\/cinnk.com\/fr\/wp-json\/wp\/v2\/users\/1"}],"replies":[{"embeddable":true,"href":"https:\/\/cinnk.com\/fr\/wp-json\/wp\/v2\/comments?post=3548"}],"version-history":[{"count":86,"href":"https:\/\/cinnk.com\/fr\/wp-json\/wp\/v2\/pages\/3548\/revisions"}],"predecessor-version":[{"id":6754,"href":"https:\/\/cinnk.com\/fr\/wp-json\/wp\/v2\/pages\/3548\/revisions\/6754"}],"up":[{"embeddable":true,"href":"https:\/\/cinnk.com\/fr\/wp-json\/wp\/v2\/pages\/3594"}],"wp:attachment":[{"href":"https:\/\/cinnk.com\/fr\/wp-json\/wp\/v2\/media?parent=3548"}],"curies":[{"name":"wp","href":"https:\/\/api.w.org\/{rel}","templated":true}]}}