{"id":3577,"date":"2024-04-15T13:50:15","date_gmt":"2024-04-15T13:50:15","guid":{"rendered":"https:\/\/cinnk.com\/?page_id=3577"},"modified":"2025-11-19T16:09:36","modified_gmt":"2025-11-19T16:09:36","slug":"procedure-dinscription","status":"publish","type":"page","link":"https:\/\/cinnk.com\/fr\/procedure-dinscription\/","title":{"rendered":"Proc\u00e9dure d&rsquo;inscription"},"content":{"rendered":"\t\t<div data-elementor-type=\"wp-page\" data-elementor-id=\"3577\" class=\"elementor elementor-3577\" data-elementor-post-type=\"page\">\n\t\t\t\t<div class=\"elementor-element elementor-element-22dfb4e e-flex e-con-boxed e-con e-parent\" data-id=\"22dfb4e\" data-element_type=\"container\" data-settings=\"{&quot;background_background&quot;:&quot;classic&quot;}\">\n\t\t\t\t\t<div class=\"e-con-inner\">\n\t\t\t\t<div class=\"elementor-element elementor-element-ea9d034 elementor-widget elementor-widget-heading\" data-id=\"ea9d034\" data-element_type=\"widget\" data-widget_type=\"heading.default\">\n\t\t\t\t<div class=\"elementor-widget-container\">\n\t\t\t\t\t<h2 class=\"elementor-heading-title elementor-size-default\">Proc\u00e9dure d'inscription<\/h2>\t\t\t\t<\/div>\n\t\t\t\t<\/div>\n\t\t\t\t<div class=\"elementor-element elementor-element-337b4df elementor-widget elementor-widget-text-editor\" data-id=\"337b4df\" data-element_type=\"widget\" data-widget_type=\"text-editor.default\">\n\t\t\t\t<div class=\"elementor-widget-container\">\n\t\t\t\t\t\t\t\t\t<p>Notre \u00e9cole vous attend avec impatience pour vous guider vers votre brillant avenir num\u00e9rique.<\/p>\t\t\t\t\t\t\t\t<\/div>\n\t\t\t\t<\/div>\n\t\t\t\t\t<\/div>\n\t\t\t\t<\/div>\n\t\t<div class=\"elementor-element elementor-element-421aa58 e-con-full e-flex e-con e-parent\" data-id=\"421aa58\" data-element_type=\"container\">\n\t\t<div class=\"elementor-element elementor-element-28cfee4 e-con-full elementor-hidden-mobile e-flex e-con e-child\" data-id=\"28cfee4\" data-element_type=\"container\" data-settings=\"{&quot;background_background&quot;:&quot;classic&quot;}\">\n\t\t\t\t<div class=\"elementor-element elementor-element-bcd4b86 e-full_width e-n-menu-layout-horizontal e-n-menu-tablet elementor-widget elementor-widget-n-menu\" data-id=\"bcd4b86\" data-element_type=\"widget\" data-settings=\"{&quot;menu_items&quot;:[{&quot;item_title&quot;:&quot;Pr\\u00e9-requis&quot;,&quot;_id&quot;:&quot;ffb24d7&quot;,&quot;item_link&quot;:{&quot;url&quot;:&quot;#pre-requis&quot;,&quot;is_external&quot;:&quot;&quot;,&quot;nofollow&quot;:&quot;&quot;,&quot;custom_attributes&quot;:&quot;&quot;},&quot;__dynamic__&quot;:null,&quot;item_dropdown_content&quot;:&quot;no&quot;,&quot;item_icon&quot;:{&quot;value&quot;:&quot;&quot;,&quot;library&quot;:&quot;&quot;},&quot;item_icon_active&quot;:null,&quot;element_id&quot;:&quot;&quot;},{&quot;item_title&quot;:&quot;Proc\\u00e9dure d&#039;inscription&quot;,&quot;_id&quot;:&quot;d560c17&quot;,&quot;item_link&quot;:{&quot;url&quot;:&quot;#procedure&quot;,&quot;is_external&quot;:&quot;&quot;,&quot;nofollow&quot;:&quot;&quot;,&quot;custom_attributes&quot;:&quot;&quot;},&quot;__dynamic__&quot;:null,&quot;item_dropdown_content&quot;:&quot;no&quot;,&quot;item_icon&quot;:{&quot;value&quot;:&quot;&quot;,&quot;library&quot;:&quot;&quot;},&quot;item_icon_active&quot;:null,&quot;element_id&quot;:&quot;&quot;}],&quot;item_position_horizontal&quot;:&quot;start&quot;,&quot;sticky&quot;:&quot;top&quot;,&quot;sticky_offset&quot;:130,&quot;item_position_horizontal_mobile&quot;:&quot;end&quot;,&quot;horizontal_scroll_mobile&quot;:&quot;enable&quot;,&quot;menu_item_title_distance_from_content_mobile&quot;:{&quot;unit&quot;:&quot;px&quot;,&quot;size&quot;:0,&quot;sizes&quot;:[]},&quot;content_width&quot;:&quot;full_width&quot;,&quot;item_layout&quot;:&quot;horizontal&quot;,&quot;open_on&quot;:&quot;hover&quot;,&quot;horizontal_scroll&quot;:&quot;disable&quot;,&quot;breakpoint_selector&quot;:&quot;tablet&quot;,&quot;menu_item_title_distance_from_content&quot;:{&quot;unit&quot;:&quot;px&quot;,&quot;size&quot;:0,&quot;sizes&quot;:[]},&quot;menu_item_title_distance_from_content_tablet&quot;:{&quot;unit&quot;:&quot;px&quot;,&quot;size&quot;:&quot;&quot;,&quot;sizes&quot;:[]},&quot;sticky_on&quot;:[&quot;desktop&quot;,&quot;tablet&quot;,&quot;mobile&quot;],&quot;sticky_effects_offset&quot;:0,&quot;sticky_anchor_link_offset&quot;:0}\" data-widget_type=\"mega-menu.default\">\n\t\t\t\t<div class=\"elementor-widget-container\">\n\t\t\t\t\t\t\t<nav class=\"e-n-menu\" data-widget-number=\"198\" aria-label=\"Menu\">\n\t\t\t\t\t<button class=\"e-n-menu-toggle\" id=\"menu-toggle-198\" aria-haspopup=\"true\" aria-expanded=\"false\" aria-controls=\"menubar-198\" aria-label=\"Permuter le menu\">\n\t\t\t<span class=\"e-n-menu-toggle-icon e-open\">\n\t\t\t\t<i class=\"eicon-menu-bar\"><\/i>\t\t\t<\/span>\n\t\t\t<span class=\"e-n-menu-toggle-icon e-close\">\n\t\t\t\t<i class=\"eicon-close\"><\/i>\t\t\t<\/span>\n\t\t<\/button>\n\t\t\t\t\t<div class=\"e-n-menu-wrapper\" id=\"menubar-198\" aria-labelledby=\"menu-toggle-198\">\n\t\t\t\t<ul class=\"e-n-menu-heading\">\n\t\t\t\t\t\t\t\t<li class=\"e-n-menu-item\">\n\t\t\t\t<div id=\"e-n-menu-title-1981\" class=\"e-n-menu-title e-anchor\">\n\t\t\t\t\t<a class=\"e-n-menu-title-container e-focus e-link\" href=\"#pre-requis\" aria-current=\"page\">\t\t\t\t\t\t\t\t\t\t\t\t<span class=\"e-n-menu-title-text\">\n\t\t\t\t\t\t\tPr\u00e9-requis\t\t\t\t\t\t<\/span>\n\t\t\t\t\t<\/a>\t\t\t\t\t\t\t\t\t<\/div>\n\t\t\t\t\t\t\t<\/li>\n\t\t\t\t\t<li class=\"e-n-menu-item\">\n\t\t\t\t<div id=\"e-n-menu-title-1982\" class=\"e-n-menu-title e-anchor\">\n\t\t\t\t\t<a class=\"e-n-menu-title-container e-focus e-link\" href=\"#procedure\" aria-current=\"page\">\t\t\t\t\t\t\t\t\t\t\t\t<span class=\"e-n-menu-title-text\">\n\t\t\t\t\t\t\tProc\u00e9dure d'inscription\t\t\t\t\t\t<\/span>\n\t\t\t\t\t<\/a>\t\t\t\t\t\t\t\t\t<\/div>\n\t\t\t\t\t\t\t<\/li>\n\t\t\t\t\t\t<\/ul>\n\t\t\t<\/div>\n\t\t<\/nav>\n\t\t\t\t\t\t<\/div>\n\t\t\t\t<\/div>\n\t\t\t\t<\/div>\n\t\t<div class=\"elementor-element elementor-element-9d361e6 e-con-full e-flex e-con e-child\" data-id=\"9d361e6\" data-element_type=\"container\">\n\t\t\t\t<div class=\"elementor-element elementor-element-72c30e2 elementor-widget elementor-widget-heading\" data-id=\"72c30e2\" data-element_type=\"widget\" id=\"pre-requis\" data-widget_type=\"heading.default\">\n\t\t\t\t<div class=\"elementor-widget-container\">\n\t\t\t\t\t<h2 class=\"elementor-heading-title elementor-size-default\">Pr\u00e9requis pour l'admission<\/h2>\t\t\t\t<\/div>\n\t\t\t\t<\/div>\n\t\t<div class=\"elementor-element elementor-element-3b796d9 e-con-full e-flex e-con e-child\" data-id=\"3b796d9\" data-element_type=\"container\">\n\t\t\t\t<div class=\"elementor-element elementor-element-7df5c2f elementor-widget elementor-widget-heading\" data-id=\"7df5c2f\" data-element_type=\"widget\" data-widget_type=\"heading.default\">\n\t\t\t\t<div class=\"elementor-widget-container\">\n\t\t\t\t\t<h3 class=\"elementor-heading-title elementor-size-default\">CONTRAT D'APRENTISSAGE<\/h3>\t\t\t\t<\/div>\n\t\t\t\t<\/div>\n\t\t\t\t<\/div>\n\t\t\t\t<div class=\"elementor-element elementor-element-938ff69 elementor-widget elementor-widget-text-editor\" data-id=\"938ff69\" data-element_type=\"widget\" data-widget_type=\"text-editor.default\">\n\t\t\t\t<div class=\"elementor-widget-container\">\n\t\t\t\t\t\t\t\t\t<p><strong>Uniquement pour le parcours en alternance<\/strong>. Le candidat devra imp\u00e9rativement avoir sign\u00e9 un contrat d&rsquo;apprentissage d&rsquo;une dur\u00e9e de 12 mois avant septembre 2024 s&rsquo;il souhaite int\u00e9grer la formation D\u00e9veloppeur web CMS de Cinnk.<\/p>\t\t\t\t\t\t\t\t<\/div>\n\t\t\t\t<\/div>\n\t\t\t\t<div class=\"elementor-element elementor-element-38e276d elementor-widget__width-initial elementor-widget elementor-widget-text-editor\" data-id=\"38e276d\" data-element_type=\"widget\" data-widget_type=\"text-editor.default\">\n\t\t\t\t<div class=\"elementor-widget-container\">\n\t\t\t\t\t\t\t\t\t<h5>\u00c2ge<\/h5><p>Dans le cadre de l&rsquo;alternance, vous devez avoir entre 16 et 29 ans.<\/p><h5>Dipl\u00f4me<\/h5><p><span style=\"font-weight: 400;\">Pour int\u00e9grer notre formation de D\u00e9veloppeur web CMS, vous devez seulement \u00eatre titulaire d&rsquo;un baccalaur\u00e9at ou un \u00e9quivalent international.\u00a0<\/span><\/p><h5>Langue<\/h5><p><span style=\"text-align: var(--text-align);\">Outre la ma\u00eetrise du fran\u00e7ais \u00e0 l&rsquo;oral comme \u00e0 l&rsquo;\u00e9crit, il vous est demand\u00e9<\/span><span style=\"text-align: var(--text-align);\"> au minimum le niveau B1 (utilisateur ind\u00e9pendant, A2 pour l&rsquo;expression orale)<\/span>.<\/p>\t\t\t\t\t\t\t\t<\/div>\n\t\t\t\t<\/div>\n\t\t\t\t<div class=\"elementor-element elementor-element-8f656a7 elementor-widget elementor-widget-heading\" data-id=\"8f656a7\" data-element_type=\"widget\" data-widget_type=\"heading.default\">\n\t\t\t\t<div class=\"elementor-widget-container\">\n\t\t\t\t\t<h3 class=\"elementor-heading-title elementor-size-default\">CONTRAT DE STAGE<\/h3>\t\t\t\t<\/div>\n\t\t\t\t<\/div>\n\t\t\t\t<div class=\"elementor-element elementor-element-11cd437 elementor-widget elementor-widget-text-editor\" data-id=\"11cd437\" data-element_type=\"widget\" data-widget_type=\"text-editor.default\">\n\t\t\t\t<div class=\"elementor-widget-container\">\n\t\t\t\t\t\t\t\t\t<p>Hors Alternance (parcours Initial), le candidat devra imp\u00e9rativement avoir sign\u00e9 un contrat d\u2019apprentissage d\u2019une dur\u00e9e de 2 \u00e0 6 mois avant f\u00e9vrier 2026 s\u2019il souhaite poursuivre la formation D\u00e9veloppeur web CMS de Cinnk et passer ses examens finaux.<\/p>\t\t\t\t\t\t\t\t<\/div>\n\t\t\t\t<\/div>\n\t\t\t\t<div class=\"elementor-element elementor-element-a5a8a2a elementor-widget elementor-widget-heading\" data-id=\"a5a8a2a\" data-element_type=\"widget\" data-widget_type=\"heading.default\">\n\t\t\t\t<div class=\"elementor-widget-container\">\n\t\t\t\t\t<h3 class=\"elementor-heading-title elementor-size-default\">SITUATION PERSONNELLE<\/h3>\t\t\t\t<\/div>\n\t\t\t\t<\/div>\n\t\t\t\t<div class=\"elementor-element elementor-element-e9a47ae elementor-widget elementor-widget-text-editor\" data-id=\"e9a47ae\" data-element_type=\"widget\" data-widget_type=\"text-editor.default\">\n\t\t\t\t<div class=\"elementor-widget-container\">\n\t\t\t\t\t\t\t\t\t<p>Avant sa candidature, le candidat doit s&rsquo;assurer qu&rsquo;il sera <strong>en situation r\u00e9guli\u00e8re sur le territoire fran\u00e7ais tout au long des 12 mois<\/strong> de formation et ce, m\u00eame si l&rsquo;essentiel du cursus est en distanciel.<\/p><p>La formation \u00e9tant dispens\u00e9e \u00e0 90% en fran\u00e7ais, le candidat doit s&rsquo;assurer d&rsquo;avoir un niveau de fran\u00e7ais suffisant pour suivre dans de bonnes conditions la formation.<\/p>\t\t\t\t\t\t\t\t<\/div>\n\t\t\t\t<\/div>\n\t\t\t\t<div class=\"elementor-element elementor-element-3885e77 elementor-widget elementor-widget-heading\" data-id=\"3885e77\" data-element_type=\"widget\" data-widget_type=\"heading.default\">\n\t\t\t\t<div class=\"elementor-widget-container\">\n\t\t\t\t\t<h3 class=\"elementor-heading-title elementor-size-default\">COMP\u00c9TENCES APPR\u00c9CI\u00c9ES<\/h3>\t\t\t\t<\/div>\n\t\t\t\t<\/div>\n\t\t\t\t<div class=\"elementor-element elementor-element-a8af878 elementor-widget elementor-widget-text-editor\" data-id=\"a8af878\" data-element_type=\"widget\" data-widget_type=\"text-editor.default\">\n\t\t\t\t<div class=\"elementor-widget-container\">\n\t\t\t\t\t\t\t\t\t<p>Notre formation est certes accessible au plus grand nombre. Cependant, pour faciliter votre int\u00e9gration au sein d&rsquo;une structure, <strong>un\u00a0 minimum de compr\u00e9hension et ma\u00eetrise des outils informatiques<\/strong>, notamment ce qui concerne la bureautique basique.<\/p><p>Quoique facultatives, des bases en HTML ou CSS sont <strong>UN VRAI PLUS<\/strong>.\u00a0<\/p>\t\t\t\t\t\t\t\t<\/div>\n\t\t\t\t<\/div>\n\t\t\t\t<div class=\"elementor-element elementor-element-fd7b0b7 elementor-widget elementor-widget-heading\" data-id=\"fd7b0b7\" data-element_type=\"widget\" id=\"procedure\" data-widget_type=\"heading.default\">\n\t\t\t\t<div class=\"elementor-widget-container\">\n\t\t\t\t\t<h2 class=\"elementor-heading-title elementor-size-default\">Proc\u00e9dure d'inscription<\/h2>\t\t\t\t<\/div>\n\t\t\t\t<\/div>\n\t\t\t\t<div class=\"elementor-element elementor-element-0484238 elementor-widget elementor-widget-text-editor\" data-id=\"0484238\" data-element_type=\"widget\" data-widget_type=\"text-editor.default\">\n\t\t\t\t<div class=\"elementor-widget-container\">\n\t\t\t\t\t\t\t\t\t<p>Les \u00e9tapes de notre proc\u00e9dure d&rsquo;inscription sont les suivantes :<\/p><p><span style=\"color: #ff5b4f;\">+ <\/span>R\u00e9alisation d&rsquo;une pr\u00e9-inscription<span style=\"color: #ff5b4f;\"><span style=\"color: #000000;\"> sur notre formulaire disponible sur la page \u00ab\u00a0<a href=\"https:\/\/cinnk.com\/fr\/sinscrire\/\">S&rsquo;inscrire<\/a>\u00a0\u00bb de notre site internet.<\/span><\/span><\/p><p><span style=\"color: #ff5b4f;\">+ <span style=\"color: #000000;\">L&rsquo;un de nos charg\u00e9s d&rsquo;admission vous recontacte afin <strong>de v\u00e9rifier votre compatibilit\u00e9 avec la formation propos\u00e9e, et vous d\u00e9taille l&rsquo;ensemble du contenu de celle-ci.<\/strong><\/span><\/span><\/p><p><span style=\"color: #ff5b4f;\">+ <span style=\"color: #000000;\"><strong>Un rendez-vous est ensuite programm\u00e9 afin de r\u00e9aliser un test de positionnement.<\/strong><\/span><\/span><\/p><p><span style=\"color: #ff5b4f;\">+ <\/span><span style=\"color: #000000;\">Le jour de l&rsquo;entretien, profitez de cette occasion pour faire le point et envisager la suite. <strong>La r\u00e9ponse vous sera donn\u00e9e sous quelques jours.<\/strong><\/span><\/p>\t\t\t\t\t\t\t\t<\/div>\n\t\t\t\t<\/div>\n\t\t<div class=\"elementor-element elementor-element-1ac7cce e-con-full e-flex e-con e-child\" data-id=\"1ac7cce\" data-element_type=\"container\">\n\t\t\t\t<div class=\"elementor-element elementor-element-f42a611 elementor-mobile-align-center elementor-widget__width-auto elementor-widget-mobile__width-inherit elementor-widget elementor-widget-button\" data-id=\"f42a611\" data-element_type=\"widget\" data-widget_type=\"button.default\">\n\t\t\t\t<div class=\"elementor-widget-container\">\n\t\t\t\t\t\t\t\t\t<div class=\"elementor-button-wrapper\">\n\t\t\t\t\t<a class=\"elementor-button elementor-button-link elementor-size-md\" href=\"https:\/\/cinnk.com\/fr\/sinscrire\/\">\n\t\t\t\t\t\t<span class=\"elementor-button-content-wrapper\">\n\t\t\t\t\t\t<span class=\"elementor-button-icon\">\n\t\t\t\t<i aria-hidden=\"true\" class=\"fas fa-long-arrow-alt-right\"><\/i>\t\t\t<\/span>\n\t\t\t\t\t\t\t\t\t<span class=\"elementor-button-text\">S'inscrire d\u00e8s maintenant<\/span>\n\t\t\t\t\t<\/span>\n\t\t\t\t\t<\/a>\n\t\t\t\t<\/div>\n\t\t\t\t\t\t\t\t<\/div>\n\t\t\t\t<\/div>\n\t\t\t\t<div class=\"elementor-element elementor-element-56cb4b7 elementor-mobile-align-center elementor-widget__width-auto elementor-widget-mobile__width-inherit elementor-widget elementor-widget-button\" data-id=\"56cb4b7\" data-element_type=\"widget\" data-widget_type=\"button.default\">\n\t\t\t\t<div class=\"elementor-widget-container\">\n\t\t\t\t\t\t\t\t\t<div class=\"elementor-button-wrapper\">\n\t\t\t\t\t<a class=\"elementor-button elementor-button-link elementor-size-md\" href=\"https:\/\/cinnk.com\/fr\/demande-dinformations\/\">\n\t\t\t\t\t\t<span class=\"elementor-button-content-wrapper\">\n\t\t\t\t\t\t<span class=\"elementor-button-icon\">\n\t\t\t\t<i aria-hidden=\"true\" class=\"far fa-question-circle\"><\/i>\t\t\t<\/span>\n\t\t\t\t\t\t\t\t\t<span class=\"elementor-button-text\">Demander des informations<\/span>\n\t\t\t\t\t<\/span>\n\t\t\t\t\t<\/a>\n\t\t\t\t<\/div>\n\t\t\t\t\t\t\t\t<\/div>\n\t\t\t\t<\/div>\n\t\t\t\t<\/div>\n\t\t\t\t<\/div>\n\t\t\t\t<\/div>\n\t\t\t\t<\/div>\n\t\t","protected":false},"excerpt":{"rendered":"<p>Proc\u00e9dure d&rsquo;inscription Notre \u00e9cole vous attend avec impatience pour vous guider vers votre brillant avenir num\u00e9rique. Pr\u00e9-requis Proc\u00e9dure d&rsquo;inscription Pr\u00e9requis pour l&rsquo;admission CONTRAT D&rsquo;APRENTISSAGE Uniquement pour le parcours en alternance. Le candidat devra imp\u00e9rativement avoir sign\u00e9 un contrat d&rsquo;apprentissage d&rsquo;une dur\u00e9e de 12 mois avant septembre 2024 s&rsquo;il souhaite int\u00e9grer la formation D\u00e9veloppeur web CMS [&hellip;]<\/p>\n","protected":false},"author":1,"featured_media":0,"parent":0,"menu_order":0,"comment_status":"closed","ping_status":"closed","template":"elementor_header_footer","meta":{"inline_featured_image":false,"footnotes":""},"class_list":["post-3577","page","type-page","status-publish","hentry"],"yoast_head":"<!-- This site is optimized with the Yoast SEO plugin v26.5 - https:\/\/yoast.com\/wordpress\/plugins\/seo\/ -->\n<title>Proc\u00e9dure d&#039;inscription | Cinnk<\/title>\n<meta name=\"robots\" content=\"index, follow, max-snippet:-1, max-image-preview:large, max-video-preview:-1\" \/>\n<link rel=\"canonical\" href=\"https:\/\/cinnk.com\/fr\/procedure-dinscription\/\" \/>\n<meta property=\"og:locale\" content=\"fr_FR\" \/>\n<meta property=\"og:type\" content=\"article\" \/>\n<meta property=\"og:title\" content=\"Proc\u00e9dure d&#039;inscription | Cinnk\" \/>\n<meta property=\"og:description\" content=\"Proc\u00e9dure d&rsquo;inscription Notre \u00e9cole vous attend avec impatience pour vous guider vers votre brillant avenir num\u00e9rique. Pr\u00e9-requis Proc\u00e9dure d&rsquo;inscription Pr\u00e9requis pour l&rsquo;admission CONTRAT D&rsquo;APRENTISSAGE Uniquement pour le parcours en alternance. Le candidat devra imp\u00e9rativement avoir sign\u00e9 un contrat d&rsquo;apprentissage d&rsquo;une dur\u00e9e de 12 mois avant septembre 2024 s&rsquo;il souhaite int\u00e9grer la formation D\u00e9veloppeur web CMS [&hellip;]\" \/>\n<meta property=\"og:url\" content=\"https:\/\/cinnk.com\/fr\/procedure-dinscription\/\" \/>\n<meta property=\"og:site_name\" content=\"Cinnk\" \/>\n<meta property=\"article:publisher\" content=\"https:\/\/www.facebook.com\/Cinnk.formation\" \/>\n<meta property=\"article:modified_time\" content=\"2025-11-19T16:09:36+00:00\" \/>\n<meta property=\"og:image\" content=\"https:\/\/cinnk.com\/wp-content\/uploads\/2024\/10\/Logo-font.jpg\" \/>\n\t<meta property=\"og:image:width\" content=\"500\" \/>\n\t<meta property=\"og:image:height\" content=\"500\" \/>\n\t<meta property=\"og:image:type\" content=\"image\/jpeg\" \/>\n<meta name=\"twitter:card\" content=\"summary_large_image\" \/>\n<meta name=\"twitter:site\" content=\"@CinnkCom\" \/>\n<meta name=\"twitter:label1\" content=\"Dur\u00e9e de lecture estim\u00e9e\" \/>\n\t<meta name=\"twitter:data1\" content=\"2 minutes\" \/>\n<script type=\"application\/ld+json\" class=\"yoast-schema-graph\">{\"@context\":\"https:\/\/schema.org\",\"@graph\":[{\"@type\":\"WebPage\",\"@id\":\"https:\/\/cinnk.com\/fr\/procedure-dinscription\/\",\"url\":\"https:\/\/cinnk.com\/fr\/procedure-dinscription\/\",\"name\":\"Proc\u00e9dure d'inscription | Cinnk\",\"isPartOf\":{\"@id\":\"https:\/\/cinnk.com\/fr\/#website\"},\"datePublished\":\"2024-04-15T13:50:15+00:00\",\"dateModified\":\"2025-11-19T16:09:36+00:00\",\"breadcrumb\":{\"@id\":\"https:\/\/cinnk.com\/fr\/procedure-dinscription\/#breadcrumb\"},\"inLanguage\":\"fr-FR\",\"potentialAction\":[{\"@type\":\"ReadAction\",\"target\":[\"https:\/\/cinnk.com\/fr\/procedure-dinscription\/\"]}]},{\"@type\":\"BreadcrumbList\",\"@id\":\"https:\/\/cinnk.com\/fr\/procedure-dinscription\/#breadcrumb\",\"itemListElement\":[{\"@type\":\"ListItem\",\"position\":1,\"name\":\"Accueil\",\"item\":\"https:\/\/cinnk.com\/fr\/\"},{\"@type\":\"ListItem\",\"position\":2,\"name\":\"Proc\u00e9dure d&rsquo;inscription\"}]},{\"@type\":\"WebSite\",\"@id\":\"https:\/\/cinnk.com\/fr\/#website\",\"url\":\"https:\/\/cinnk.com\/fr\/\",\"name\":\"Cinnk\",\"description\":\"\",\"publisher\":{\"@id\":\"https:\/\/cinnk.com\/fr\/#organization\"},\"potentialAction\":[{\"@type\":\"SearchAction\",\"target\":{\"@type\":\"EntryPoint\",\"urlTemplate\":\"https:\/\/cinnk.com\/fr\/?s={search_term_string}\"},\"query-input\":{\"@type\":\"PropertyValueSpecification\",\"valueRequired\":true,\"valueName\":\"search_term_string\"}}],\"inLanguage\":\"fr-FR\"},{\"@type\":\"Organization\",\"@id\":\"https:\/\/cinnk.com\/fr\/#organization\",\"name\":\"Cinnk\",\"url\":\"https:\/\/cinnk.com\/fr\/\",\"logo\":{\"@type\":\"ImageObject\",\"inLanguage\":\"fr-FR\",\"@id\":\"https:\/\/cinnk.com\/fr\/#\/schema\/logo\/image\/\",\"url\":\"https:\/\/cinnk.com\/wp-content\/uploads\/2023\/10\/logo-svg-orange_new.svg\",\"contentUrl\":\"https:\/\/cinnk.com\/wp-content\/uploads\/2023\/10\/logo-svg-orange_new.svg\",\"width\":125,\"height\":32,\"caption\":\"Cinnk\"},\"image\":{\"@id\":\"https:\/\/cinnk.com\/fr\/#\/schema\/logo\/image\/\"},\"sameAs\":[\"https:\/\/www.facebook.com\/Cinnk.formation\",\"https:\/\/x.com\/CinnkCom\",\"https:\/\/www.instagram.com\/cinnk\"]}]}<\/script>\n<!-- \/ Yoast SEO plugin. -->","yoast_head_json":{"title":"Proc\u00e9dure d'inscription | Cinnk","robots":{"index":"index","follow":"follow","max-snippet":"max-snippet:-1","max-image-preview":"max-image-preview:large","max-video-preview":"max-video-preview:-1"},"canonical":"https:\/\/cinnk.com\/fr\/procedure-dinscription\/","og_locale":"fr_FR","og_type":"article","og_title":"Proc\u00e9dure d'inscription | Cinnk","og_description":"Proc\u00e9dure d&rsquo;inscription Notre \u00e9cole vous attend avec impatience pour vous guider vers votre brillant avenir num\u00e9rique. Pr\u00e9-requis Proc\u00e9dure d&rsquo;inscription Pr\u00e9requis pour l&rsquo;admission CONTRAT D&rsquo;APRENTISSAGE Uniquement pour le parcours en alternance. Le candidat devra imp\u00e9rativement avoir sign\u00e9 un contrat d&rsquo;apprentissage d&rsquo;une dur\u00e9e de 12 mois avant septembre 2024 s&rsquo;il souhaite int\u00e9grer la formation D\u00e9veloppeur web CMS [&hellip;]","og_url":"https:\/\/cinnk.com\/fr\/procedure-dinscription\/","og_site_name":"Cinnk","article_publisher":"https:\/\/www.facebook.com\/Cinnk.formation","article_modified_time":"2025-11-19T16:09:36+00:00","og_image":[{"width":500,"height":500,"url":"https:\/\/cinnk.com\/wp-content\/uploads\/2024\/10\/Logo-font.jpg","type":"image\/jpeg"}],"twitter_card":"summary_large_image","twitter_site":"@CinnkCom","twitter_misc":{"Dur\u00e9e de lecture estim\u00e9e":"2 minutes"},"schema":{"@context":"https:\/\/schema.org","@graph":[{"@type":"WebPage","@id":"https:\/\/cinnk.com\/fr\/procedure-dinscription\/","url":"https:\/\/cinnk.com\/fr\/procedure-dinscription\/","name":"Proc\u00e9dure d'inscription | Cinnk","isPartOf":{"@id":"https:\/\/cinnk.com\/fr\/#website"},"datePublished":"2024-04-15T13:50:15+00:00","dateModified":"2025-11-19T16:09:36+00:00","breadcrumb":{"@id":"https:\/\/cinnk.com\/fr\/procedure-dinscription\/#breadcrumb"},"inLanguage":"fr-FR","potentialAction":[{"@type":"ReadAction","target":["https:\/\/cinnk.com\/fr\/procedure-dinscription\/"]}]},{"@type":"BreadcrumbList","@id":"https:\/\/cinnk.com\/fr\/procedure-dinscription\/#breadcrumb","itemListElement":[{"@type":"ListItem","position":1,"name":"Accueil","item":"https:\/\/cinnk.com\/fr\/"},{"@type":"ListItem","position":2,"name":"Proc\u00e9dure d&rsquo;inscription"}]},{"@type":"WebSite","@id":"https:\/\/cinnk.com\/fr\/#website","url":"https:\/\/cinnk.com\/fr\/","name":"Cinnk","description":"","publisher":{"@id":"https:\/\/cinnk.com\/fr\/#organization"},"potentialAction":[{"@type":"SearchAction","target":{"@type":"EntryPoint","urlTemplate":"https:\/\/cinnk.com\/fr\/?s={search_term_string}"},"query-input":{"@type":"PropertyValueSpecification","valueRequired":true,"valueName":"search_term_string"}}],"inLanguage":"fr-FR"},{"@type":"Organization","@id":"https:\/\/cinnk.com\/fr\/#organization","name":"Cinnk","url":"https:\/\/cinnk.com\/fr\/","logo":{"@type":"ImageObject","inLanguage":"fr-FR","@id":"https:\/\/cinnk.com\/fr\/#\/schema\/logo\/image\/","url":"https:\/\/cinnk.com\/wp-content\/uploads\/2023\/10\/logo-svg-orange_new.svg","contentUrl":"https:\/\/cinnk.com\/wp-content\/uploads\/2023\/10\/logo-svg-orange_new.svg","width":125,"height":32,"caption":"Cinnk"},"image":{"@id":"https:\/\/cinnk.com\/fr\/#\/schema\/logo\/image\/"},"sameAs":["https:\/\/www.facebook.com\/Cinnk.formation","https:\/\/x.com\/CinnkCom","https:\/\/www.instagram.com\/cinnk"]}]}},"_links":{"self":[{"href":"https:\/\/cinnk.com\/fr\/wp-json\/wp\/v2\/pages\/3577","targetHints":{"allow":["GET"]}}],"collection":[{"href":"https:\/\/cinnk.com\/fr\/wp-json\/wp\/v2\/pages"}],"about":[{"href":"https:\/\/cinnk.com\/fr\/wp-json\/wp\/v2\/types\/page"}],"author":[{"embeddable":true,"href":"https:\/\/cinnk.com\/fr\/wp-json\/wp\/v2\/users\/1"}],"replies":[{"embeddable":true,"href":"https:\/\/cinnk.com\/fr\/wp-json\/wp\/v2\/comments?post=3577"}],"version-history":[{"count":129,"href":"https:\/\/cinnk.com\/fr\/wp-json\/wp\/v2\/pages\/3577\/revisions"}],"predecessor-version":[{"id":6760,"href":"https:\/\/cinnk.com\/fr\/wp-json\/wp\/v2\/pages\/3577\/revisions\/6760"}],"wp:attachment":[{"href":"https:\/\/cinnk.com\/fr\/wp-json\/wp\/v2\/media?parent=3577"}],"curies":[{"name":"wp","href":"https:\/\/api.w.org\/{rel}","templated":true}]}}