{"id":4553,"date":"2024-04-27T07:21:04","date_gmt":"2024-04-27T07:21:04","guid":{"rendered":"https:\/\/cinnk.com\/?page_id=4553"},"modified":"2025-11-23T13:49:03","modified_gmt":"2025-11-23T13:49:03","slug":"demande-dinformations","status":"publish","type":"page","link":"https:\/\/cinnk.com\/fr\/demande-dinformations\/","title":{"rendered":"Demande d&rsquo;informations"},"content":{"rendered":"\t\t<div data-elementor-type=\"wp-page\" data-elementor-id=\"4553\" class=\"elementor elementor-4553\" data-elementor-post-type=\"page\">\n\t\t\t\t<div class=\"elementor-element elementor-element-7d01806 e-flex e-con-boxed e-con e-parent\" data-id=\"7d01806\" data-element_type=\"container\" data-settings=\"{&quot;background_background&quot;:&quot;classic&quot;}\">\n\t\t\t\t\t<div class=\"e-con-inner\">\n\t\t\t\t<div class=\"elementor-element elementor-element-bdd3c79 elementor-widget elementor-widget-heading\" data-id=\"bdd3c79\" data-element_type=\"widget\" data-widget_type=\"heading.default\">\n\t\t\t\t<div class=\"elementor-widget-container\">\n\t\t\t\t\t<h2 class=\"elementor-heading-title elementor-size-default\">Demander des informations<\/h2>\t\t\t\t<\/div>\n\t\t\t\t<\/div>\n\t\t\t\t\t<\/div>\n\t\t\t\t<\/div>\n\t\t<div class=\"elementor-element elementor-element-ffb75f8 e-con-full e-flex e-con e-parent\" data-id=\"ffb75f8\" data-element_type=\"container\">\n\t\t<div class=\"elementor-element elementor-element-cd5a69b e-con-full elementor-hidden-mobile e-flex e-con e-child\" data-id=\"cd5a69b\" data-element_type=\"container\" data-settings=\"{&quot;background_background&quot;:&quot;classic&quot;}\">\n\t\t\t\t<div class=\"elementor-element elementor-element-0aec6be e-full_width e-n-menu-layout-horizontal e-n-menu-tablet elementor-widget elementor-widget-n-menu\" data-id=\"0aec6be\" data-element_type=\"widget\" data-settings=\"{&quot;menu_items&quot;:[{&quot;item_title&quot;:&quot;S&#039;inscrire&quot;,&quot;_id&quot;:&quot;ffb24d7&quot;,&quot;item_link&quot;:{&quot;url&quot;:&quot;https:\\\/\\\/cinnk.com\\\/fr\\\/sinscrire\\\/&quot;,&quot;is_external&quot;:&quot;&quot;,&quot;nofollow&quot;:&quot;&quot;,&quot;custom_attributes&quot;:&quot;&quot;},&quot;__dynamic__&quot;:null,&quot;item_dropdown_content&quot;:&quot;no&quot;,&quot;item_icon&quot;:{&quot;value&quot;:&quot;&quot;,&quot;library&quot;:&quot;&quot;},&quot;item_icon_active&quot;:null,&quot;element_id&quot;:&quot;&quot;},{&quot;item_title&quot;:&quot;Demande d&#039;informations&quot;,&quot;_id&quot;:&quot;d560c17&quot;,&quot;item_link&quot;:{&quot;url&quot;:&quot;https:\\\/\\\/cinnk.com\\\/fr\\\/demande-dinformations\\\/&quot;,&quot;is_external&quot;:&quot;&quot;,&quot;nofollow&quot;:&quot;&quot;,&quot;custom_attributes&quot;:&quot;&quot;},&quot;__dynamic__&quot;:null,&quot;item_dropdown_content&quot;:&quot;no&quot;,&quot;item_icon&quot;:{&quot;value&quot;:&quot;&quot;,&quot;library&quot;:&quot;&quot;},&quot;item_icon_active&quot;:null,&quot;element_id&quot;:&quot;&quot;}],&quot;item_position_horizontal&quot;:&quot;start&quot;,&quot;sticky&quot;:&quot;top&quot;,&quot;sticky_offset&quot;:130,&quot;item_position_horizontal_mobile&quot;:&quot;end&quot;,&quot;horizontal_scroll_mobile&quot;:&quot;enable&quot;,&quot;menu_item_title_distance_from_content_mobile&quot;:{&quot;unit&quot;:&quot;px&quot;,&quot;size&quot;:0,&quot;sizes&quot;:[]},&quot;content_width&quot;:&quot;full_width&quot;,&quot;item_layout&quot;:&quot;horizontal&quot;,&quot;open_on&quot;:&quot;hover&quot;,&quot;horizontal_scroll&quot;:&quot;disable&quot;,&quot;breakpoint_selector&quot;:&quot;tablet&quot;,&quot;menu_item_title_distance_from_content&quot;:{&quot;unit&quot;:&quot;px&quot;,&quot;size&quot;:0,&quot;sizes&quot;:[]},&quot;menu_item_title_distance_from_content_tablet&quot;:{&quot;unit&quot;:&quot;px&quot;,&quot;size&quot;:&quot;&quot;,&quot;sizes&quot;:[]},&quot;sticky_on&quot;:[&quot;desktop&quot;,&quot;tablet&quot;,&quot;mobile&quot;],&quot;sticky_effects_offset&quot;:0,&quot;sticky_anchor_link_offset&quot;:0}\" data-widget_type=\"mega-menu.default\">\n\t\t\t\t<div class=\"elementor-widget-container\">\n\t\t\t\t\t\t\t<nav class=\"e-n-menu\" data-widget-number=\"114\" aria-label=\"Menu\">\n\t\t\t\t\t<button class=\"e-n-menu-toggle\" id=\"menu-toggle-114\" aria-haspopup=\"true\" aria-expanded=\"false\" aria-controls=\"menubar-114\" aria-label=\"Permuter le menu\">\n\t\t\t<span class=\"e-n-menu-toggle-icon e-open\">\n\t\t\t\t<i class=\"eicon-menu-bar\"><\/i>\t\t\t<\/span>\n\t\t\t<span class=\"e-n-menu-toggle-icon e-close\">\n\t\t\t\t<i class=\"eicon-close\"><\/i>\t\t\t<\/span>\n\t\t<\/button>\n\t\t\t\t\t<div class=\"e-n-menu-wrapper\" id=\"menubar-114\" aria-labelledby=\"menu-toggle-114\">\n\t\t\t\t<ul class=\"e-n-menu-heading\">\n\t\t\t\t\t\t\t\t<li class=\"e-n-menu-item\">\n\t\t\t\t<div id=\"e-n-menu-title-1141\" class=\"e-n-menu-title\">\n\t\t\t\t\t<a class=\"e-n-menu-title-container e-focus e-link\" href=\"https:\/\/cinnk.com\/fr\/sinscrire\/\">\t\t\t\t\t\t\t\t\t\t\t\t<span class=\"e-n-menu-title-text\">\n\t\t\t\t\t\t\tS'inscrire\t\t\t\t\t\t<\/span>\n\t\t\t\t\t<\/a>\t\t\t\t\t\t\t\t\t<\/div>\n\t\t\t\t\t\t\t<\/li>\n\t\t\t\t\t<li class=\"e-n-menu-item\">\n\t\t\t\t<div id=\"e-n-menu-title-1142\" class=\"e-n-menu-title e-current\">\n\t\t\t\t\t<a class=\"e-n-menu-title-container e-focus e-link\" href=\"https:\/\/cinnk.com\/fr\/demande-dinformations\/\" aria-current=\"page\">\t\t\t\t\t\t\t\t\t\t\t\t<span class=\"e-n-menu-title-text\">\n\t\t\t\t\t\t\tDemande d'informations\t\t\t\t\t\t<\/span>\n\t\t\t\t\t<\/a>\t\t\t\t\t\t\t\t\t<\/div>\n\t\t\t\t\t\t\t<\/li>\n\t\t\t\t\t\t<\/ul>\n\t\t\t<\/div>\n\t\t<\/nav>\n\t\t\t\t\t\t<\/div>\n\t\t\t\t<\/div>\n\t\t\t\t<\/div>\n\t\t<div class=\"elementor-element elementor-element-1266e80 e-con-full e-flex e-con e-child\" data-id=\"1266e80\" data-element_type=\"container\">\n\t\t\t\t<div class=\"elementor-element elementor-element-cb72ca0 elementor-widget elementor-widget-heading\" data-id=\"cb72ca0\" data-element_type=\"widget\" data-widget_type=\"heading.default\">\n\t\t\t\t<div class=\"elementor-widget-container\">\n\t\t\t\t\t<h2 class=\"elementor-heading-title elementor-size-default\">Prenez contact avec Cinnk.<\/h2>\t\t\t\t<\/div>\n\t\t\t\t<\/div>\n\t\t<div class=\"elementor-element elementor-element-be0976c e-con-full e-flex e-con e-child\" data-id=\"be0976c\" data-element_type=\"container\">\n\t\t\t\t<div class=\"elementor-element elementor-element-b6a2b58 elementor-widget__width-initial elementor-widget elementor-widget-text-editor\" data-id=\"b6a2b58\" data-element_type=\"widget\" data-widget_type=\"text-editor.default\">\n\t\t\t\t<div class=\"elementor-widget-container\">\n\t\t\t\t\t\t\t\t\t<div class=\"w-full text-token-text-primary\" dir=\"auto\" data-testid=\"conversation-turn-3\"><div class=\"px-4 py-2 justify-center text-base md:gap-6 m-auto\"><div class=\"flex flex-1 text-base mx-auto gap-3 juice:gap-4 juice:md:gap-6 md:px-5 lg:px-1 xl:px-5 md:max-w-3xl lg:max-w-[40rem] xl:max-w-[48rem]\"><div class=\"relative flex w-full min-w-0 flex-col agent-turn\"><div class=\"flex-col gap-1 md:gap-3\"><div class=\"flex flex-grow flex-col max-w-full\"><div class=\"min-h-[20px] text-message flex flex-col items-start gap-3 whitespace-pre-wrap break-words [.text-message+&amp;]:mt-5 overflow-x-auto\" dir=\"auto\" data-message-author-role=\"assistant\" data-message-id=\"c3a37c41-4b71-432c-bcc4-5bd74fe01f42\"><div class=\"markdown prose w-full break-words dark:prose-invert light\"><p><strong>Vous voulez en savoir plus sur notre formation ou sur l&rsquo;alternance ?<\/strong><br \/>R\u00e9servez directement un rendez-vous sur <span style=\"color: #3366ff;\"><strong><a style=\"color: #3366ff;\" href=\"https:\/\/calendar.app.google\/cJ6b4KQHj5heNj4c7\" target=\"_blank\" rel=\"noopener\">notre agenda en ligne<\/a><\/strong><\/span> ou remplissez simplement le formulaire ci-dessous. Posez-nous toutes vos questions, notre \u00e9quipe d&rsquo;admission est l\u00e0 pour y r\u00e9pondre.<\/p><\/div><\/div><\/div><\/div><\/div><\/div><\/div><\/div>\t\t\t\t\t\t\t\t<\/div>\n\t\t\t\t<\/div>\n\t\t<div class=\"elementor-element elementor-element-90cefd8 e-con-full e-flex e-con e-child\" data-id=\"90cefd8\" data-element_type=\"container\">\n\t\t\t\t<div class=\"elementor-element elementor-element-1611682 elementor-widget elementor-widget-heading\" data-id=\"1611682\" data-element_type=\"widget\" data-widget_type=\"heading.default\">\n\t\t\t\t<div class=\"elementor-widget-container\">\n\t\t\t\t\t<div class=\"elementor-heading-title elementor-size-default\">Prendre rendez-vous<\/div>\t\t\t\t<\/div>\n\t\t\t\t<\/div>\n\t\t\t\t<div class=\"elementor-element elementor-element-4041c18 elementor-widget elementor-widget-text-editor\" data-id=\"4041c18\" data-element_type=\"widget\" data-widget_type=\"text-editor.default\">\n\t\t\t\t<div class=\"elementor-widget-container\">\n\t\t\t\t\t\t\t\t\t<p>Planifiez votre rendez-vous sereinement en r\u00e9servant votre cr\u00e9neau. Un charg\u00e9 d&rsquo;admission vous contacte \u00e0 l&rsquo;heure pr\u00e9vue&#8230; Malin !<\/p>\t\t\t\t\t\t\t\t<\/div>\n\t\t\t\t<\/div>\n\t\t\t\t<div class=\"elementor-element elementor-element-3836faf elementor-mobile-align-center elementor-widget__width-auto elementor-widget-mobile__width-inherit elementor-widget elementor-widget-button\" data-id=\"3836faf\" data-element_type=\"widget\" data-widget_type=\"button.default\">\n\t\t\t\t<div class=\"elementor-widget-container\">\n\t\t\t\t\t\t\t\t\t<div class=\"elementor-button-wrapper\">\n\t\t\t\t\t<a class=\"elementor-button elementor-button-link elementor-size-md\" href=\"#elementor-action%3Aaction%3Dpopup%3Aopen%26settings%3DeyJpZCI6NjY2NiwidG9nZ2xlIjpmYWxzZX0%3D\" target=\"_blank\" rel=\"nofollow\">\n\t\t\t\t\t\t<span class=\"elementor-button-content-wrapper\">\n\t\t\t\t\t\t<span class=\"elementor-button-icon\">\n\t\t\t\t<i aria-hidden=\"true\" class=\"far fa-calendar-check\"><\/i>\t\t\t<\/span>\n\t\t\t\t\t\t\t\t\t<span class=\"elementor-button-text\">Prendre rendez-vous<\/span>\n\t\t\t\t\t<\/span>\n\t\t\t\t\t<\/a>\n\t\t\t\t<\/div>\n\t\t\t\t\t\t\t\t<\/div>\n\t\t\t\t<\/div>\n\t\t\t\t<div class=\"elementor-element elementor-element-ae25fce elementor-widget elementor-widget-spacer\" data-id=\"ae25fce\" data-element_type=\"widget\" data-widget_type=\"spacer.default\">\n\t\t\t\t<div class=\"elementor-widget-container\">\n\t\t\t\t\t\t\t<div class=\"elementor-spacer\">\n\t\t\t<div class=\"elementor-spacer-inner\"><\/div>\n\t\t<\/div>\n\t\t\t\t\t\t<\/div>\n\t\t\t\t<\/div>\n\t\t\t\t<\/div>\n\t\t\t\t<div class=\"elementor-element elementor-element-fdf8f41 elementor-widget elementor-widget-heading\" data-id=\"fdf8f41\" data-element_type=\"widget\" data-widget_type=\"heading.default\">\n\t\t\t\t<div class=\"elementor-widget-container\">\n\t\t\t\t\t<div class=\"elementor-heading-title elementor-size-default\">Demander des informations par email<\/div>\t\t\t\t<\/div>\n\t\t\t\t<\/div>\n\t\t\t\t<\/div>\n\t\t\t\t<div class=\"elementor-element elementor-element-2468965 elementor-button-align-center elementor-widget__width-initial elementor-widget elementor-widget-form\" data-id=\"2468965\" data-element_type=\"widget\" data-settings=\"{&quot;step_next_label&quot;:&quot;Suivant&quot;,&quot;step_previous_label&quot;:&quot;Pr\\u00e9c\\u00e9dent&quot;,&quot;step_type&quot;:&quot;icon_text&quot;,&quot;button_width&quot;:&quot;100&quot;,&quot;step_icon_shape&quot;:&quot;circle&quot;}\" data-widget_type=\"form.default\">\n\t\t\t\t<div class=\"elementor-widget-container\">\n\t\t\t\t\t\t\t<form class=\"elementor-form\" method=\"post\" id=\"info_form_cinnk\" name=\"info_form_cinnk\" aria-label=\"info_form_cinnk\">\n\t\t\t<input type=\"hidden\" name=\"post_id\" value=\"4553\"\/>\n\t\t\t<input type=\"hidden\" name=\"form_id\" value=\"2468965\"\/>\n\t\t\t<input type=\"hidden\" name=\"referer_title\" value=\"Demande d&#039;informations | Cinnk\" \/>\n\n\t\t\t\t\t\t\t<input type=\"hidden\" name=\"queried_id\" value=\"4553\"\/>\n\t\t\t\n\t\t\t<div class=\"elementor-form-fields-wrapper elementor-labels-above\">\n\t\t\t\t\t\t\t\t<div class=\"elementor-field-type-text elementor-field-group elementor-column elementor-field-group-prenom_form elementor-col-50 elementor-field-required elementor-mark-required\">\n\t\t\t\t\t\t\t\t\t\t\t\t\t<input size=\"1\" type=\"text\" name=\"form_fields[prenom_form]\" id=\"form-field-prenom_form\" class=\"elementor-field elementor-size-md  elementor-field-textual\" placeholder=\"Pr\u00e9nom\" required=\"required\">\n\t\t\t\t\t\t\t\t\t\t\t<\/div>\n\t\t\t\t\t\t\t\t<div class=\"elementor-field-type-text elementor-field-group elementor-column elementor-field-group-nom elementor-col-50 elementor-field-required elementor-mark-required\">\n\t\t\t\t\t\t\t\t\t\t\t\t\t<input size=\"1\" type=\"text\" name=\"form_fields[nom]\" id=\"form-field-nom\" class=\"elementor-field elementor-size-md  elementor-field-textual\" placeholder=\"Nom\" required=\"required\">\n\t\t\t\t\t\t\t\t\t\t\t<\/div>\n\t\t\t\t\t\t\t\t<div class=\"elementor-field-type-email elementor-field-group elementor-column elementor-field-group-email elementor-col-50 elementor-field-required elementor-mark-required\">\n\t\t\t\t\t\t\t\t\t\t\t\t\t<input size=\"1\" type=\"email\" name=\"form_fields[email]\" id=\"form-field-email\" class=\"elementor-field elementor-size-md  elementor-field-textual\" placeholder=\"E-mail\" required=\"required\">\n\t\t\t\t\t\t\t\t\t\t\t<\/div>\n\t\t\t\t\t\t\t\t<div class=\"elementor-field-type-tel elementor-field-group elementor-column elementor-field-group-phone elementor-col-50 elementor-field-required elementor-mark-required\">\n\t\t\t\t\t\t\t<input size=\"1\" type=\"tel\" name=\"form_fields[phone]\" id=\"form-field-phone\" class=\"elementor-field elementor-size-md  elementor-field-textual\" placeholder=\"T\u00e9l\u00e9phone\" required=\"required\" pattern=\"[0-9()#&amp;+*-=.]+\" title=\"Seuls les caract\u00e8res de num\u00e9ros de t\u00e9l\u00e9phone (#, -, *, etc.) sont accept\u00e9s.\">\n\n\t\t\t\t\t\t<\/div>\n\t\t\t\t\t\t\t\t<div class=\"elementor-field-type-textarea elementor-field-group elementor-column elementor-field-group-field_ccfe740 elementor-col-100\">\n\t\t\t\t\t<textarea class=\"elementor-field-textual elementor-field  elementor-size-md\" name=\"form_fields[field_ccfe740]\" id=\"form-field-field_ccfe740\" rows=\"4\" placeholder=\"Votre Message\"><\/textarea>\t\t\t\t<\/div>\n\t\t\t\t\t\t\t\t<div class=\"elementor-field-type-acceptance elementor-field-group elementor-column elementor-field-group-field_9a17a7f elementor-col-100 elementor-field-required elementor-mark-required\">\n\t\t\t\t\t\t\t<div class=\"elementor-field-subgroup\">\n\t\t\t<span class=\"elementor-field-option\">\n\t\t\t\t<input type=\"checkbox\" name=\"form_fields[field_9a17a7f]\" id=\"form-field-field_9a17a7f\" class=\"elementor-field elementor-size-md  elementor-acceptance-field\" required=\"required\">\n\t\t\t\t<label for=\"form-field-field_9a17a7f\">En cochant cette case, vous consentez \u00e0 ce que vos donn\u00e9es personnelles soient collect\u00e9es et utilis\u00e9es conform\u00e9ment \u00e0 notre politique de confidentialit\u00e9, en accord avec le R\u00e8glement G\u00e9n\u00e9ral sur la Protection des Donn\u00e9es (RGPD).<\/label>\t\t\t<\/span>\n\t\t<\/div>\n\t\t\t\t\t\t<\/div>\n\t\t\t\t\t\t\t\t<div class=\"elementor-field-group elementor-column elementor-field-type-submit elementor-col-100 e-form__buttons\">\n\t\t\t\t\t<button class=\"elementor-button elementor-size-sm\" type=\"submit\">\n\t\t\t\t\t\t<span class=\"elementor-button-content-wrapper\">\n\t\t\t\t\t\t\t\t\t\t\t\t\t\t\t<span class=\"elementor-button-icon\">\n\t\t\t\t\t\t\t\t\t<i aria-hidden=\"true\" class=\"fas fa-rocket\"><\/i>\t\t\t\t\t\t\t\t\t\t\t\t\t\t\t\t\t<\/span>\n\t\t\t\t\t\t\t\t\t\t\t\t\t\t\t\t\t\t\t\t\t\t<span class=\"elementor-button-text\">Envoyer ma demande<\/span>\n\t\t\t\t\t\t\t\t\t\t\t\t\t<\/span>\n\t\t\t\t\t<\/button>\n\t\t\t\t<\/div>\n\t\t\t<\/div>\n\t\t<\/form>\n\t\t\t\t\t\t<\/div>\n\t\t\t\t<\/div>\n\t\t\t\t<div class=\"elementor-element elementor-element-996e3fe elementor-widget elementor-widget-text-editor\" data-id=\"996e3fe\" data-element_type=\"widget\" data-widget_type=\"text-editor.default\">\n\t\t\t\t<div class=\"elementor-widget-container\">\n\t\t\t\t\t\t\t\t\t<p style=\"text-align: center;\">Chez Cinnk, nous mesurons l&rsquo;importance de choisir la bonne voie professionnelle et nous vous accompagnons \u00e0 chaque \u00e9tape.<br \/>Que ce soit pour en savoir plus sur notre formation, ou simplement pour obtenir des conseils sur l&rsquo;alternance, n&rsquo;h\u00e9sitez pas \u00e0 nous contacter.<\/p><p style=\"text-align: center;\"><strong>Votre avenir commence peut-\u00eatre ici, et nous sommes impatients de vous aider !<\/strong><\/p>\t\t\t\t\t\t\t\t<\/div>\n\t\t\t\t<\/div>\n\t\t\t\t<\/div>\n\t\t\t\t<\/div>\n\t\t\t\t<\/div>\n\t\t","protected":false},"excerpt":{"rendered":"<p>Demander des informations S&rsquo;inscrire Demande d&rsquo;informations Prenez contact avec Cinnk. Vous voulez en savoir plus sur notre formation ou sur l&rsquo;alternance ?R\u00e9servez directement un rendez-vous sur notre agenda en ligne ou remplissez simplement le formulaire ci-dessous. Posez-nous toutes vos questions, notre \u00e9quipe d&rsquo;admission est l\u00e0 pour y r\u00e9pondre. Prendre rendez-vous Planifiez votre rendez-vous sereinement en [&hellip;]<\/p>\n","protected":false},"author":6,"featured_media":0,"parent":0,"menu_order":0,"comment_status":"closed","ping_status":"closed","template":"elementor_header_footer","meta":{"inline_featured_image":false,"footnotes":""},"class_list":["post-4553","page","type-page","status-publish","hentry"],"yoast_head":"<!-- This site is optimized with the Yoast SEO plugin v26.5 - https:\/\/yoast.com\/wordpress\/plugins\/seo\/ -->\n<title>Demande d&#039;informations | Cinnk<\/title>\n<meta name=\"robots\" content=\"index, follow, max-snippet:-1, max-image-preview:large, max-video-preview:-1\" \/>\n<link rel=\"canonical\" href=\"https:\/\/cinnk.com\/fr\/demande-dinformations\/\" \/>\n<meta property=\"og:locale\" content=\"fr_FR\" \/>\n<meta property=\"og:type\" content=\"article\" \/>\n<meta property=\"og:title\" content=\"Demande d&#039;informations | Cinnk\" \/>\n<meta property=\"og:description\" content=\"Demander des informations S&rsquo;inscrire Demande d&rsquo;informations Prenez contact avec Cinnk. Vous voulez en savoir plus sur notre formation ou sur l&rsquo;alternance ?R\u00e9servez directement un rendez-vous sur notre agenda en ligne ou remplissez simplement le formulaire ci-dessous. Posez-nous toutes vos questions, notre \u00e9quipe d&rsquo;admission est l\u00e0 pour y r\u00e9pondre. Prendre rendez-vous Planifiez votre rendez-vous sereinement en [&hellip;]\" \/>\n<meta property=\"og:url\" content=\"https:\/\/cinnk.com\/fr\/demande-dinformations\/\" \/>\n<meta property=\"og:site_name\" content=\"Cinnk\" \/>\n<meta property=\"article:publisher\" content=\"https:\/\/www.facebook.com\/Cinnk.formation\" \/>\n<meta property=\"article:modified_time\" content=\"2025-11-23T13:49:03+00:00\" \/>\n<meta property=\"og:image\" content=\"https:\/\/cinnk.com\/wp-content\/uploads\/2024\/10\/Logo-font.jpg\" \/>\n\t<meta property=\"og:image:width\" content=\"500\" \/>\n\t<meta property=\"og:image:height\" content=\"500\" \/>\n\t<meta property=\"og:image:type\" content=\"image\/jpeg\" \/>\n<meta name=\"twitter:card\" content=\"summary_large_image\" \/>\n<meta name=\"twitter:site\" content=\"@CinnkCom\" \/>\n<meta name=\"twitter:label1\" content=\"Dur\u00e9e de lecture estim\u00e9e\" \/>\n\t<meta name=\"twitter:data1\" content=\"1 minute\" \/>\n<script type=\"application\/ld+json\" class=\"yoast-schema-graph\">{\"@context\":\"https:\/\/schema.org\",\"@graph\":[{\"@type\":\"WebPage\",\"@id\":\"https:\/\/cinnk.com\/fr\/demande-dinformations\/\",\"url\":\"https:\/\/cinnk.com\/fr\/demande-dinformations\/\",\"name\":\"Demande d'informations | Cinnk\",\"isPartOf\":{\"@id\":\"https:\/\/cinnk.com\/fr\/#website\"},\"datePublished\":\"2024-04-27T07:21:04+00:00\",\"dateModified\":\"2025-11-23T13:49:03+00:00\",\"breadcrumb\":{\"@id\":\"https:\/\/cinnk.com\/fr\/demande-dinformations\/#breadcrumb\"},\"inLanguage\":\"fr-FR\",\"potentialAction\":[{\"@type\":\"ReadAction\",\"target\":[\"https:\/\/cinnk.com\/fr\/demande-dinformations\/\"]}]},{\"@type\":\"BreadcrumbList\",\"@id\":\"https:\/\/cinnk.com\/fr\/demande-dinformations\/#breadcrumb\",\"itemListElement\":[{\"@type\":\"ListItem\",\"position\":1,\"name\":\"Accueil\",\"item\":\"https:\/\/cinnk.com\/fr\/\"},{\"@type\":\"ListItem\",\"position\":2,\"name\":\"Demande d&rsquo;informations\"}]},{\"@type\":\"WebSite\",\"@id\":\"https:\/\/cinnk.com\/fr\/#website\",\"url\":\"https:\/\/cinnk.com\/fr\/\",\"name\":\"Cinnk\",\"description\":\"\",\"publisher\":{\"@id\":\"https:\/\/cinnk.com\/fr\/#organization\"},\"potentialAction\":[{\"@type\":\"SearchAction\",\"target\":{\"@type\":\"EntryPoint\",\"urlTemplate\":\"https:\/\/cinnk.com\/fr\/?s={search_term_string}\"},\"query-input\":{\"@type\":\"PropertyValueSpecification\",\"valueRequired\":true,\"valueName\":\"search_term_string\"}}],\"inLanguage\":\"fr-FR\"},{\"@type\":\"Organization\",\"@id\":\"https:\/\/cinnk.com\/fr\/#organization\",\"name\":\"Cinnk\",\"url\":\"https:\/\/cinnk.com\/fr\/\",\"logo\":{\"@type\":\"ImageObject\",\"inLanguage\":\"fr-FR\",\"@id\":\"https:\/\/cinnk.com\/fr\/#\/schema\/logo\/image\/\",\"url\":\"https:\/\/cinnk.com\/wp-content\/uploads\/2023\/10\/logo-svg-orange_new.svg\",\"contentUrl\":\"https:\/\/cinnk.com\/wp-content\/uploads\/2023\/10\/logo-svg-orange_new.svg\",\"width\":125,\"height\":32,\"caption\":\"Cinnk\"},\"image\":{\"@id\":\"https:\/\/cinnk.com\/fr\/#\/schema\/logo\/image\/\"},\"sameAs\":[\"https:\/\/www.facebook.com\/Cinnk.formation\",\"https:\/\/x.com\/CinnkCom\",\"https:\/\/www.instagram.com\/cinnk\"]}]}<\/script>\n<!-- \/ Yoast SEO plugin. -->","yoast_head_json":{"title":"Demande d'informations | Cinnk","robots":{"index":"index","follow":"follow","max-snippet":"max-snippet:-1","max-image-preview":"max-image-preview:large","max-video-preview":"max-video-preview:-1"},"canonical":"https:\/\/cinnk.com\/fr\/demande-dinformations\/","og_locale":"fr_FR","og_type":"article","og_title":"Demande d'informations | Cinnk","og_description":"Demander des informations S&rsquo;inscrire Demande d&rsquo;informations Prenez contact avec Cinnk. Vous voulez en savoir plus sur notre formation ou sur l&rsquo;alternance ?R\u00e9servez directement un rendez-vous sur notre agenda en ligne ou remplissez simplement le formulaire ci-dessous. Posez-nous toutes vos questions, notre \u00e9quipe d&rsquo;admission est l\u00e0 pour y r\u00e9pondre. Prendre rendez-vous Planifiez votre rendez-vous sereinement en [&hellip;]","og_url":"https:\/\/cinnk.com\/fr\/demande-dinformations\/","og_site_name":"Cinnk","article_publisher":"https:\/\/www.facebook.com\/Cinnk.formation","article_modified_time":"2025-11-23T13:49:03+00:00","og_image":[{"width":500,"height":500,"url":"https:\/\/cinnk.com\/wp-content\/uploads\/2024\/10\/Logo-font.jpg","type":"image\/jpeg"}],"twitter_card":"summary_large_image","twitter_site":"@CinnkCom","twitter_misc":{"Dur\u00e9e de lecture estim\u00e9e":"1 minute"},"schema":{"@context":"https:\/\/schema.org","@graph":[{"@type":"WebPage","@id":"https:\/\/cinnk.com\/fr\/demande-dinformations\/","url":"https:\/\/cinnk.com\/fr\/demande-dinformations\/","name":"Demande d'informations | Cinnk","isPartOf":{"@id":"https:\/\/cinnk.com\/fr\/#website"},"datePublished":"2024-04-27T07:21:04+00:00","dateModified":"2025-11-23T13:49:03+00:00","breadcrumb":{"@id":"https:\/\/cinnk.com\/fr\/demande-dinformations\/#breadcrumb"},"inLanguage":"fr-FR","potentialAction":[{"@type":"ReadAction","target":["https:\/\/cinnk.com\/fr\/demande-dinformations\/"]}]},{"@type":"BreadcrumbList","@id":"https:\/\/cinnk.com\/fr\/demande-dinformations\/#breadcrumb","itemListElement":[{"@type":"ListItem","position":1,"name":"Accueil","item":"https:\/\/cinnk.com\/fr\/"},{"@type":"ListItem","position":2,"name":"Demande d&rsquo;informations"}]},{"@type":"WebSite","@id":"https:\/\/cinnk.com\/fr\/#website","url":"https:\/\/cinnk.com\/fr\/","name":"Cinnk","description":"","publisher":{"@id":"https:\/\/cinnk.com\/fr\/#organization"},"potentialAction":[{"@type":"SearchAction","target":{"@type":"EntryPoint","urlTemplate":"https:\/\/cinnk.com\/fr\/?s={search_term_string}"},"query-input":{"@type":"PropertyValueSpecification","valueRequired":true,"valueName":"search_term_string"}}],"inLanguage":"fr-FR"},{"@type":"Organization","@id":"https:\/\/cinnk.com\/fr\/#organization","name":"Cinnk","url":"https:\/\/cinnk.com\/fr\/","logo":{"@type":"ImageObject","inLanguage":"fr-FR","@id":"https:\/\/cinnk.com\/fr\/#\/schema\/logo\/image\/","url":"https:\/\/cinnk.com\/wp-content\/uploads\/2023\/10\/logo-svg-orange_new.svg","contentUrl":"https:\/\/cinnk.com\/wp-content\/uploads\/2023\/10\/logo-svg-orange_new.svg","width":125,"height":32,"caption":"Cinnk"},"image":{"@id":"https:\/\/cinnk.com\/fr\/#\/schema\/logo\/image\/"},"sameAs":["https:\/\/www.facebook.com\/Cinnk.formation","https:\/\/x.com\/CinnkCom","https:\/\/www.instagram.com\/cinnk"]}]}},"_links":{"self":[{"href":"https:\/\/cinnk.com\/fr\/wp-json\/wp\/v2\/pages\/4553","targetHints":{"allow":["GET"]}}],"collection":[{"href":"https:\/\/cinnk.com\/fr\/wp-json\/wp\/v2\/pages"}],"about":[{"href":"https:\/\/cinnk.com\/fr\/wp-json\/wp\/v2\/types\/page"}],"author":[{"embeddable":true,"href":"https:\/\/cinnk.com\/fr\/wp-json\/wp\/v2\/users\/6"}],"replies":[{"embeddable":true,"href":"https:\/\/cinnk.com\/fr\/wp-json\/wp\/v2\/comments?post=4553"}],"version-history":[{"count":68,"href":"https:\/\/cinnk.com\/fr\/wp-json\/wp\/v2\/pages\/4553\/revisions"}],"predecessor-version":[{"id":7350,"href":"https:\/\/cinnk.com\/fr\/wp-json\/wp\/v2\/pages\/4553\/revisions\/7350"}],"wp:attachment":[{"href":"https:\/\/cinnk.com\/fr\/wp-json\/wp\/v2\/media?parent=4553"}],"curies":[{"name":"wp","href":"https:\/\/api.w.org\/{rel}","templated":true}]}}