{"id":4967,"date":"2024-04-30T14:03:11","date_gmt":"2024-04-30T14:03:11","guid":{"rendered":"https:\/\/cinnk.com\/?page_id=4967"},"modified":"2024-04-30T15:54:19","modified_gmt":"2024-04-30T15:54:19","slug":"creez-votre-boutique-en-ligne-avec-joomla-hikashop","status":"publish","type":"page","link":"https:\/\/cinnk.com\/fr\/les-livres\/creez-votre-boutique-en-ligne-avec-joomla-hikashop\/","title":{"rendered":"Cr\u00e9ez votre boutique en ligne avec Joomla! &amp; HikaShop"},"content":{"rendered":"\t\t<div data-elementor-type=\"wp-page\" data-elementor-id=\"4967\" class=\"elementor elementor-4967\" data-elementor-post-type=\"page\">\n\t\t\t\t<div class=\"elementor-element elementor-element-b6f965e e-flex e-con-boxed e-con e-parent\" data-id=\"b6f965e\" data-element_type=\"container\" data-settings=\"{&quot;background_background&quot;:&quot;classic&quot;}\">\n\t\t\t\t\t<div class=\"e-con-inner\">\n\t\t\t\t<div class=\"elementor-element elementor-element-19c4f3d elementor-widget elementor-widget-heading\" data-id=\"19c4f3d\" data-element_type=\"widget\" data-widget_type=\"heading.default\">\n\t\t\t\t<div class=\"elementor-widget-container\">\n\t\t\t\t\t<h2 class=\"elementor-heading-title elementor-size-default\">Cr\u00e9ez votre boutique en ligne avec Joomla! &amp; Hikashop<\/h2>\t\t\t\t<\/div>\n\t\t\t\t<\/div>\n\t\t\t\t<div class=\"elementor-element elementor-element-0b29954 elementor-widget elementor-widget-text-editor\" data-id=\"0b29954\" data-element_type=\"widget\" data-widget_type=\"text-editor.default\">\n\t\t\t\t<div class=\"elementor-widget-container\">\n\t\t\t\t\t\t\t\t\t<div class=\"page\" title=\"Page 120\"><div class=\"section\"><div class=\"layoutArea\"><div class=\"column\"><p>L&rsquo;association de Joomla! et d&rsquo;Hikashop, une extension e-commerce compl\u00e8te et performante, vous permet de cr\u00e9er et d&rsquo;administrer simplement votre boutique en ligne, \u00e0 travers une interface claire et intuitive facile \u00e0 prendre en main<\/p><\/div><\/div><\/div><\/div>\t\t\t\t\t\t\t\t<\/div>\n\t\t\t\t<\/div>\n\t\t\t\t\t<\/div>\n\t\t\t\t<\/div>\n\t\t<div class=\"elementor-element elementor-element-b4f535f e-flex e-con-boxed e-con e-child\" data-id=\"b4f535f\" data-element_type=\"container\">\n\t\t\t\t\t<div class=\"e-con-inner\">\n\t\t<div class=\"elementor-element elementor-element-b0e9a44 e-con-full e-flex e-con e-child\" data-id=\"b0e9a44\" data-element_type=\"container\">\n\t\t\t\t<div class=\"elementor-element elementor-element-2ba5523 elementor-widget elementor-widget-image\" data-id=\"2ba5523\" data-element_type=\"widget\" data-widget_type=\"image.default\">\n\t\t\t\t<div class=\"elementor-widget-container\">\n\t\t\t\t\t\t\t\t\t\t\t\t\t\t\t<img fetchpriority=\"high\" decoding=\"async\" width=\"496\" height=\"768\" src=\"https:\/\/cinnk.com\/wp-content\/uploads\/2023\/10\/cinnk-livre-joomla-hikashop.png\" class=\"attachment-large size-large wp-image-736\" alt=\"\" srcset=\"https:\/\/cinnk.com\/wp-content\/uploads\/2023\/10\/cinnk-livre-joomla-hikashop.png 496w, https:\/\/cinnk.com\/wp-content\/uploads\/2023\/10\/cinnk-livre-joomla-hikashop-194x300.png 194w\" sizes=\"100vw\" \/>\t\t\t\t\t\t\t\t\t\t\t\t\t\t\t<\/div>\n\t\t\t\t<\/div>\n\t\t\t\t<\/div>\n\t\t<div class=\"elementor-element elementor-element-33e2c86 e-con-full e-flex e-con e-child\" data-id=\"33e2c86\" data-element_type=\"container\">\n\t\t\t\t<div class=\"elementor-element elementor-element-ba96d07 elementor-widget elementor-widget-heading\" data-id=\"ba96d07\" data-element_type=\"widget\" data-widget_type=\"heading.default\">\n\t\t\t\t<div class=\"elementor-widget-container\">\n\t\t\t\t\t<h2 class=\"elementor-heading-title elementor-size-default\">Livre<\/h2>\t\t\t\t<\/div>\n\t\t\t\t<\/div>\n\t\t\t\t<div class=\"elementor-element elementor-element-0d3e930 elementor-widget elementor-widget-heading\" data-id=\"0d3e930\" data-element_type=\"widget\" data-widget_type=\"heading.default\">\n\t\t\t\t<div class=\"elementor-widget-container\">\n\t\t\t\t\t<h2 class=\"elementor-heading-title elementor-size-default\">Cr\u00e9ez votre boutique en ligne avec Joomla! &amp; Hikashop<\/h2>\t\t\t\t<\/div>\n\t\t\t\t<\/div>\n\t\t\t\t<div class=\"elementor-element elementor-element-f2a8f48 elementor-widget elementor-widget-text-editor\" data-id=\"f2a8f48\" data-element_type=\"widget\" data-widget_type=\"text-editor.default\">\n\t\t\t\t<div class=\"elementor-widget-container\">\n\t\t\t\t\t\t\t\t\t<p>Apprenez \u00e0 construire votre site web e-commerce \u00e9tape par \u00e9tape<\/p>\t\t\t\t\t\t\t\t<\/div>\n\t\t\t\t<\/div>\n\t\t<div class=\"elementor-element elementor-element-f80cb80 e-con-full e-flex e-con e-child\" data-id=\"f80cb80\" data-element_type=\"container\">\n\t\t<div class=\"elementor-element elementor-element-762ee8f e-con-full e-flex e-con e-child\" data-id=\"762ee8f\" data-element_type=\"container\">\n\t\t\t\t<div class=\"elementor-element elementor-element-1deb752 elementor-widget elementor-widget-heading\" data-id=\"1deb752\" data-element_type=\"widget\" data-widget_type=\"heading.default\">\n\t\t\t\t<div class=\"elementor-widget-container\">\n\t\t\t\t\t<h2 class=\"elementor-heading-title elementor-size-default\">Version Num\u00e9rique<\/h2>\t\t\t\t<\/div>\n\t\t\t\t<\/div>\n\t\t\t\t<div class=\"elementor-element elementor-element-a79a8b9 elementor-widget elementor-widget-text-editor\" data-id=\"a79a8b9\" data-element_type=\"widget\" data-widget_type=\"text-editor.default\">\n\t\t\t\t<div class=\"elementor-widget-container\">\n\t\t\t\t\t\t\t\t\t<p>18,00 \u20ac<\/p>\t\t\t\t\t\t\t\t<\/div>\n\t\t\t\t<\/div>\n\t\t\t\t<div class=\"elementor-element elementor-element-a8db982 elementor-add-to-cart--align-center elementor-widget elementor-widget-wc-add-to-cart\" data-id=\"a8db982\" data-element_type=\"widget\" data-widget_type=\"wc-add-to-cart.default\">\n\t\t\t\t<div class=\"elementor-widget-container\">\n\t\t\t\t\t\t\t\t\t<div class=\"elementor-button-wrapper\">\n\t\t\t\t\t<a rel=\"nofollow\" href=\"\/fr\/les-livres\/creez-votre-boutique-en-ligne-avec-joomla-hikashop\/?add-to-cart=1503\" data-quantity=\"1\" data-product_id=\"1503\" class=\"product_type_simple add_to_cart_button ajax_add_to_cart elementor-button elementor-size-sm\" role=\"button\">\n\t\t\t\t\t\t<span class=\"elementor-button-content-wrapper\">\n\t\t\t\t\t\t<span class=\"elementor-button-icon\">\n\t\t\t\t<i aria-hidden=\"true\" class=\"fas fa-shopping-cart\"><\/i>\t\t\t<\/span>\n\t\t\t\t\t\t\t\t\t<span class=\"elementor-button-text\">Ajouter au panier<\/span>\n\t\t\t\t\t<\/span>\n\t\t\t\t\t<\/a>\n\t\t\t\t<\/div>\n\t\t\t\t\t\t\t\t<\/div>\n\t\t\t\t<\/div>\n\t\t\t\t<\/div>\n\t\t\t\t<\/div>\n\t\t\t\t<\/div>\n\t\t\t\t\t<\/div>\n\t\t\t\t<\/div>\n\t\t\t\t<\/div>\n\t\t","protected":false},"excerpt":{"rendered":"<p>Cr\u00e9ez votre boutique en ligne avec Joomla! &amp; Hikashop L&rsquo;association de Joomla! et d&rsquo;Hikashop, une extension e-commerce compl\u00e8te et performante, vous permet de cr\u00e9er et d&rsquo;administrer simplement votre boutique en ligne, \u00e0 travers une interface claire et intuitive facile \u00e0 prendre en main Livre Cr\u00e9ez votre boutique en ligne avec Joomla! &amp; Hikashop Apprenez \u00e0 [&hellip;]<\/p>\n","protected":false},"author":1,"featured_media":0,"parent":726,"menu_order":0,"comment_status":"closed","ping_status":"closed","template":"elementor_header_footer","meta":{"inline_featured_image":false,"footnotes":""},"class_list":["post-4967","page","type-page","status-publish","hentry"],"yoast_head":"<!-- This site is optimized with the Yoast SEO plugin v26.5 - https:\/\/yoast.com\/wordpress\/plugins\/seo\/ -->\n<title>Cr\u00e9ez votre boutique en ligne avec Joomla! &amp; HikaShop | Cinnk<\/title>\n<meta name=\"robots\" content=\"index, follow, max-snippet:-1, max-image-preview:large, max-video-preview:-1\" \/>\n<link rel=\"canonical\" href=\"https:\/\/cinnk.com\/fr\/les-livres\/creez-votre-boutique-en-ligne-avec-joomla-hikashop\/\" \/>\n<meta property=\"og:locale\" content=\"fr_FR\" \/>\n<meta property=\"og:type\" content=\"article\" \/>\n<meta property=\"og:title\" content=\"Cr\u00e9ez votre boutique en ligne avec Joomla! &amp; HikaShop | Cinnk\" \/>\n<meta property=\"og:description\" content=\"Cr\u00e9ez votre boutique en ligne avec Joomla! &amp; Hikashop L&rsquo;association de Joomla! et d&rsquo;Hikashop, une extension e-commerce compl\u00e8te et performante, vous permet de cr\u00e9er et d&rsquo;administrer simplement votre boutique en ligne, \u00e0 travers une interface claire et intuitive facile \u00e0 prendre en main Livre Cr\u00e9ez votre boutique en ligne avec Joomla! &amp; Hikashop Apprenez \u00e0 [&hellip;]\" \/>\n<meta property=\"og:url\" content=\"https:\/\/cinnk.com\/fr\/les-livres\/creez-votre-boutique-en-ligne-avec-joomla-hikashop\/\" \/>\n<meta property=\"og:site_name\" content=\"Cinnk\" \/>\n<meta property=\"article:publisher\" content=\"https:\/\/www.facebook.com\/Cinnk.formation\" \/>\n<meta property=\"article:modified_time\" content=\"2024-04-30T15:54:19+00:00\" \/>\n<meta property=\"og:image\" content=\"https:\/\/cinnk.com\/wp-content\/uploads\/2023\/10\/cinnk-livre-joomla-hikashop.png\" \/>\n<meta name=\"twitter:card\" content=\"summary_large_image\" \/>\n<meta name=\"twitter:site\" content=\"@CinnkCom\" \/>\n<meta name=\"twitter:label1\" content=\"Dur\u00e9e de lecture estim\u00e9e\" \/>\n\t<meta name=\"twitter:data1\" content=\"1 minute\" \/>\n<script type=\"application\/ld+json\" class=\"yoast-schema-graph\">{\"@context\":\"https:\/\/schema.org\",\"@graph\":[{\"@type\":\"WebPage\",\"@id\":\"https:\/\/cinnk.com\/fr\/les-livres\/creez-votre-boutique-en-ligne-avec-joomla-hikashop\/\",\"url\":\"https:\/\/cinnk.com\/fr\/les-livres\/creez-votre-boutique-en-ligne-avec-joomla-hikashop\/\",\"name\":\"Cr\u00e9ez votre boutique en ligne avec Joomla! &amp; HikaShop | Cinnk\",\"isPartOf\":{\"@id\":\"https:\/\/cinnk.com\/fr\/#website\"},\"primaryImageOfPage\":{\"@id\":\"https:\/\/cinnk.com\/fr\/les-livres\/creez-votre-boutique-en-ligne-avec-joomla-hikashop\/#primaryimage\"},\"image\":{\"@id\":\"https:\/\/cinnk.com\/fr\/les-livres\/creez-votre-boutique-en-ligne-avec-joomla-hikashop\/#primaryimage\"},\"thumbnailUrl\":\"https:\/\/cinnk.com\/wp-content\/uploads\/2023\/10\/cinnk-livre-joomla-hikashop.png\",\"datePublished\":\"2024-04-30T14:03:11+00:00\",\"dateModified\":\"2024-04-30T15:54:19+00:00\",\"breadcrumb\":{\"@id\":\"https:\/\/cinnk.com\/fr\/les-livres\/creez-votre-boutique-en-ligne-avec-joomla-hikashop\/#breadcrumb\"},\"inLanguage\":\"fr-FR\",\"potentialAction\":[{\"@type\":\"ReadAction\",\"target\":[\"https:\/\/cinnk.com\/fr\/les-livres\/creez-votre-boutique-en-ligne-avec-joomla-hikashop\/\"]}]},{\"@type\":\"ImageObject\",\"inLanguage\":\"fr-FR\",\"@id\":\"https:\/\/cinnk.com\/fr\/les-livres\/creez-votre-boutique-en-ligne-avec-joomla-hikashop\/#primaryimage\",\"url\":\"https:\/\/cinnk.com\/wp-content\/uploads\/2023\/10\/cinnk-livre-joomla-hikashop.png\",\"contentUrl\":\"https:\/\/cinnk.com\/wp-content\/uploads\/2023\/10\/cinnk-livre-joomla-hikashop.png\"},{\"@type\":\"BreadcrumbList\",\"@id\":\"https:\/\/cinnk.com\/fr\/les-livres\/creez-votre-boutique-en-ligne-avec-joomla-hikashop\/#breadcrumb\",\"itemListElement\":[{\"@type\":\"ListItem\",\"position\":1,\"name\":\"Accueil\",\"item\":\"https:\/\/cinnk.com\/fr\/\"},{\"@type\":\"ListItem\",\"position\":2,\"name\":\"Les Livres\",\"item\":\"https:\/\/cinnk.com\/fr\/les-livres\/\"},{\"@type\":\"ListItem\",\"position\":3,\"name\":\"Cr\u00e9ez votre boutique en ligne avec Joomla! &amp; HikaShop\"}]},{\"@type\":\"WebSite\",\"@id\":\"https:\/\/cinnk.com\/fr\/#website\",\"url\":\"https:\/\/cinnk.com\/fr\/\",\"name\":\"Cinnk\",\"description\":\"\",\"publisher\":{\"@id\":\"https:\/\/cinnk.com\/fr\/#organization\"},\"potentialAction\":[{\"@type\":\"SearchAction\",\"target\":{\"@type\":\"EntryPoint\",\"urlTemplate\":\"https:\/\/cinnk.com\/fr\/?s={search_term_string}\"},\"query-input\":{\"@type\":\"PropertyValueSpecification\",\"valueRequired\":true,\"valueName\":\"search_term_string\"}}],\"inLanguage\":\"fr-FR\"},{\"@type\":\"Organization\",\"@id\":\"https:\/\/cinnk.com\/fr\/#organization\",\"name\":\"Cinnk\",\"url\":\"https:\/\/cinnk.com\/fr\/\",\"logo\":{\"@type\":\"ImageObject\",\"inLanguage\":\"fr-FR\",\"@id\":\"https:\/\/cinnk.com\/fr\/#\/schema\/logo\/image\/\",\"url\":\"https:\/\/cinnk.com\/wp-content\/uploads\/2023\/10\/logo-svg-orange_new.svg\",\"contentUrl\":\"https:\/\/cinnk.com\/wp-content\/uploads\/2023\/10\/logo-svg-orange_new.svg\",\"width\":125,\"height\":32,\"caption\":\"Cinnk\"},\"image\":{\"@id\":\"https:\/\/cinnk.com\/fr\/#\/schema\/logo\/image\/\"},\"sameAs\":[\"https:\/\/www.facebook.com\/Cinnk.formation\",\"https:\/\/x.com\/CinnkCom\",\"https:\/\/www.instagram.com\/cinnk\"]}]}<\/script>\n<!-- \/ Yoast SEO plugin. -->","yoast_head_json":{"title":"Cr\u00e9ez votre boutique en ligne avec Joomla! &amp; HikaShop | Cinnk","robots":{"index":"index","follow":"follow","max-snippet":"max-snippet:-1","max-image-preview":"max-image-preview:large","max-video-preview":"max-video-preview:-1"},"canonical":"https:\/\/cinnk.com\/fr\/les-livres\/creez-votre-boutique-en-ligne-avec-joomla-hikashop\/","og_locale":"fr_FR","og_type":"article","og_title":"Cr\u00e9ez votre boutique en ligne avec Joomla! &amp; HikaShop | Cinnk","og_description":"Cr\u00e9ez votre boutique en ligne avec Joomla! &amp; Hikashop L&rsquo;association de Joomla! et d&rsquo;Hikashop, une extension e-commerce compl\u00e8te et performante, vous permet de cr\u00e9er et d&rsquo;administrer simplement votre boutique en ligne, \u00e0 travers une interface claire et intuitive facile \u00e0 prendre en main Livre Cr\u00e9ez votre boutique en ligne avec Joomla! &amp; Hikashop Apprenez \u00e0 [&hellip;]","og_url":"https:\/\/cinnk.com\/fr\/les-livres\/creez-votre-boutique-en-ligne-avec-joomla-hikashop\/","og_site_name":"Cinnk","article_publisher":"https:\/\/www.facebook.com\/Cinnk.formation","article_modified_time":"2024-04-30T15:54:19+00:00","og_image":[{"url":"https:\/\/cinnk.com\/wp-content\/uploads\/2023\/10\/cinnk-livre-joomla-hikashop.png","type":"","width":"","height":""}],"twitter_card":"summary_large_image","twitter_site":"@CinnkCom","twitter_misc":{"Dur\u00e9e de lecture estim\u00e9e":"1 minute"},"schema":{"@context":"https:\/\/schema.org","@graph":[{"@type":"WebPage","@id":"https:\/\/cinnk.com\/fr\/les-livres\/creez-votre-boutique-en-ligne-avec-joomla-hikashop\/","url":"https:\/\/cinnk.com\/fr\/les-livres\/creez-votre-boutique-en-ligne-avec-joomla-hikashop\/","name":"Cr\u00e9ez votre boutique en ligne avec Joomla! &amp; HikaShop | Cinnk","isPartOf":{"@id":"https:\/\/cinnk.com\/fr\/#website"},"primaryImageOfPage":{"@id":"https:\/\/cinnk.com\/fr\/les-livres\/creez-votre-boutique-en-ligne-avec-joomla-hikashop\/#primaryimage"},"image":{"@id":"https:\/\/cinnk.com\/fr\/les-livres\/creez-votre-boutique-en-ligne-avec-joomla-hikashop\/#primaryimage"},"thumbnailUrl":"https:\/\/cinnk.com\/wp-content\/uploads\/2023\/10\/cinnk-livre-joomla-hikashop.png","datePublished":"2024-04-30T14:03:11+00:00","dateModified":"2024-04-30T15:54:19+00:00","breadcrumb":{"@id":"https:\/\/cinnk.com\/fr\/les-livres\/creez-votre-boutique-en-ligne-avec-joomla-hikashop\/#breadcrumb"},"inLanguage":"fr-FR","potentialAction":[{"@type":"ReadAction","target":["https:\/\/cinnk.com\/fr\/les-livres\/creez-votre-boutique-en-ligne-avec-joomla-hikashop\/"]}]},{"@type":"ImageObject","inLanguage":"fr-FR","@id":"https:\/\/cinnk.com\/fr\/les-livres\/creez-votre-boutique-en-ligne-avec-joomla-hikashop\/#primaryimage","url":"https:\/\/cinnk.com\/wp-content\/uploads\/2023\/10\/cinnk-livre-joomla-hikashop.png","contentUrl":"https:\/\/cinnk.com\/wp-content\/uploads\/2023\/10\/cinnk-livre-joomla-hikashop.png"},{"@type":"BreadcrumbList","@id":"https:\/\/cinnk.com\/fr\/les-livres\/creez-votre-boutique-en-ligne-avec-joomla-hikashop\/#breadcrumb","itemListElement":[{"@type":"ListItem","position":1,"name":"Accueil","item":"https:\/\/cinnk.com\/fr\/"},{"@type":"ListItem","position":2,"name":"Les Livres","item":"https:\/\/cinnk.com\/fr\/les-livres\/"},{"@type":"ListItem","position":3,"name":"Cr\u00e9ez votre boutique en ligne avec Joomla! &amp; HikaShop"}]},{"@type":"WebSite","@id":"https:\/\/cinnk.com\/fr\/#website","url":"https:\/\/cinnk.com\/fr\/","name":"Cinnk","description":"","publisher":{"@id":"https:\/\/cinnk.com\/fr\/#organization"},"potentialAction":[{"@type":"SearchAction","target":{"@type":"EntryPoint","urlTemplate":"https:\/\/cinnk.com\/fr\/?s={search_term_string}"},"query-input":{"@type":"PropertyValueSpecification","valueRequired":true,"valueName":"search_term_string"}}],"inLanguage":"fr-FR"},{"@type":"Organization","@id":"https:\/\/cinnk.com\/fr\/#organization","name":"Cinnk","url":"https:\/\/cinnk.com\/fr\/","logo":{"@type":"ImageObject","inLanguage":"fr-FR","@id":"https:\/\/cinnk.com\/fr\/#\/schema\/logo\/image\/","url":"https:\/\/cinnk.com\/wp-content\/uploads\/2023\/10\/logo-svg-orange_new.svg","contentUrl":"https:\/\/cinnk.com\/wp-content\/uploads\/2023\/10\/logo-svg-orange_new.svg","width":125,"height":32,"caption":"Cinnk"},"image":{"@id":"https:\/\/cinnk.com\/fr\/#\/schema\/logo\/image\/"},"sameAs":["https:\/\/www.facebook.com\/Cinnk.formation","https:\/\/x.com\/CinnkCom","https:\/\/www.instagram.com\/cinnk"]}]}},"_links":{"self":[{"href":"https:\/\/cinnk.com\/fr\/wp-json\/wp\/v2\/pages\/4967","targetHints":{"allow":["GET"]}}],"collection":[{"href":"https:\/\/cinnk.com\/fr\/wp-json\/wp\/v2\/pages"}],"about":[{"href":"https:\/\/cinnk.com\/fr\/wp-json\/wp\/v2\/types\/page"}],"author":[{"embeddable":true,"href":"https:\/\/cinnk.com\/fr\/wp-json\/wp\/v2\/users\/1"}],"replies":[{"embeddable":true,"href":"https:\/\/cinnk.com\/fr\/wp-json\/wp\/v2\/comments?post=4967"}],"version-history":[{"count":13,"href":"https:\/\/cinnk.com\/fr\/wp-json\/wp\/v2\/pages\/4967\/revisions"}],"predecessor-version":[{"id":4999,"href":"https:\/\/cinnk.com\/fr\/wp-json\/wp\/v2\/pages\/4967\/revisions\/4999"}],"up":[{"embeddable":true,"href":"https:\/\/cinnk.com\/fr\/wp-json\/wp\/v2\/pages\/726"}],"wp:attachment":[{"href":"https:\/\/cinnk.com\/fr\/wp-json\/wp\/v2\/media?parent=4967"}],"curies":[{"name":"wp","href":"https:\/\/api.w.org\/{rel}","templated":true}]}}