{"id":719,"date":"2023-10-23T09:43:06","date_gmt":"2023-10-23T09:43:06","guid":{"rendered":"https:\/\/cinnk.com\/?page_id=719"},"modified":"2024-01-16T10:31:25","modified_gmt":"2024-01-16T10:31:25","slug":"articles","status":"publish","type":"page","link":"https:\/\/cinnk.com\/fr\/articles\/","title":{"rendered":"Articles"},"content":{"rendered":"\t\t<div data-elementor-type=\"wp-page\" data-elementor-id=\"719\" class=\"elementor elementor-719\" data-elementor-post-type=\"page\">\n\t\t\t\t<div class=\"elementor-element elementor-element-1b60d5a e-flex e-con-boxed e-con e-parent\" data-id=\"1b60d5a\" data-element_type=\"container\" data-settings=\"{&quot;background_background&quot;:&quot;classic&quot;}\">\n\t\t\t\t\t<div class=\"e-con-inner\">\n\t\t<div class=\"elementor-element elementor-element-17cd820 e-flex e-con-boxed e-con e-child\" data-id=\"17cd820\" data-element_type=\"container\" data-settings=\"{&quot;background_background&quot;:&quot;gradient&quot;}\">\n\t\t\t\t\t<div class=\"e-con-inner\">\n\t\t\t\t<div class=\"elementor-element elementor-element-1ae1968 elementor-widget elementor-widget-heading\" data-id=\"1ae1968\" data-element_type=\"widget\" data-widget_type=\"heading.default\">\n\t\t\t\t<div class=\"elementor-widget-container\">\n\t\t\t\t\t<h2 class=\"elementor-heading-title elementor-size-default\">Les \"tips\" \u00e0 connaitre pour votre site WordPress ?<\/h2>\t\t\t\t<\/div>\n\t\t\t\t<\/div>\n\t\t\t\t<div class=\"elementor-element elementor-element-dccc9ba elementor-widget elementor-widget-text-editor\" data-id=\"dccc9ba\" data-element_type=\"widget\" data-widget_type=\"text-editor.default\">\n\t\t\t\t<div class=\"elementor-widget-container\">\n\t\t\t\t\t\t\t\t\t<p>WordPress est un CMS qui ne cesse de se d\u00e9velopper, les constructeurs ajoutent souvent de nouvelles fonctionnalit\u00e9s.<\/p>\t\t\t\t\t\t\t\t<\/div>\n\t\t\t\t<\/div>\n\t\t\t\t<div class=\"elementor-element elementor-element-5ee1ce6 elementor-widget elementor-widget-button\" data-id=\"5ee1ce6\" data-element_type=\"widget\" data-widget_type=\"button.default\">\n\t\t\t\t<div class=\"elementor-widget-container\">\n\t\t\t\t\t\t\t\t\t<div class=\"elementor-button-wrapper\">\n\t\t\t\t\t<a class=\"elementor-button elementor-button-link elementor-size-sm\" href=\"https:\/\/cinnk.com\/index.php\/les-tips-a-connaitre-pour-votre-site-wordpress\/\">\n\t\t\t\t\t\t<span class=\"elementor-button-content-wrapper\">\n\t\t\t\t\t\t\t\t\t<span class=\"elementor-button-text\">Lire la suite ...<\/span>\n\t\t\t\t\t<\/span>\n\t\t\t\t\t<\/a>\n\t\t\t\t<\/div>\n\t\t\t\t\t\t\t\t<\/div>\n\t\t\t\t<\/div>\n\t\t\t\t\t<\/div>\n\t\t\t\t<\/div>\n\t\t\t\t\t<\/div>\n\t\t\t\t<\/div>\n\t\t<div class=\"elementor-element elementor-element-79654ff e-flex e-con-boxed e-con e-parent\" data-id=\"79654ff\" data-element_type=\"container\">\n\t\t\t\t\t<div class=\"e-con-inner\">\n\t\t<div class=\"elementor-element elementor-element-2a231a9 e-con-full e-flex e-con e-child\" data-id=\"2a231a9\" data-element_type=\"container\">\n\t\t<div class=\"elementor-element elementor-element-b8d04aa e-con-full e-flex e-con e-child\" data-id=\"b8d04aa\" data-element_type=\"container\">\n\t\t\t\t<div class=\"elementor-element elementor-element-d23525d elementor-grid-1 elementor-posts--thumbnail-left elementor-grid-tablet-2 elementor-grid-mobile-1 elementor-widget elementor-widget-posts\" data-id=\"d23525d\" data-element_type=\"widget\" data-settings=\"{&quot;classic_columns&quot;:&quot;1&quot;,&quot;classic_row_gap&quot;:{&quot;unit&quot;:&quot;px&quot;,&quot;size&quot;:50,&quot;sizes&quot;:[]},&quot;pagination_type&quot;:&quot;numbers_and_prev_next&quot;,&quot;classic_row_gap_mobile&quot;:{&quot;unit&quot;:&quot;px&quot;,&quot;size&quot;:100,&quot;sizes&quot;:[]},&quot;classic_columns_tablet&quot;:&quot;2&quot;,&quot;classic_columns_mobile&quot;:&quot;1&quot;,&quot;classic_row_gap_tablet&quot;:{&quot;unit&quot;:&quot;px&quot;,&quot;size&quot;:&quot;&quot;,&quot;sizes&quot;:[]}}\" data-widget_type=\"posts.classic\">\n\t\t\t\t<div class=\"elementor-widget-container\">\n\t\t\t\t\t\t\t<div class=\"elementor-posts-container elementor-posts elementor-posts--skin-classic elementor-grid\" role=\"list\">\n\t\t\t\t<article class=\"elementor-post elementor-grid-item post-5250 post type-post status-publish format-standard hentry category-non-classifiee\" role=\"listitem\">\n\t\t\t\t<div class=\"elementor-post__text\">\n\t\t\t\t<h3 class=\"elementor-post__title\">\n\t\t\t<a href=\"https:\/\/cinnk.com\/fr\/devenir-developpeur-web-freelance-les-etapes-cles\/\" >\n\t\t\t\tDevenir d\u00e9veloppeur web freelance : Les \u00e9tapes cl\u00e9s\t\t\t<\/a>\n\t\t<\/h3>\n\t\t\t\t<div class=\"elementor-post__meta-data\">\n\t\t\t\t\t<span class=\"elementor-post-date\">\n\t\t\tnovembre 7, 2024\t\t<\/span>\n\t\t\t\t<\/div>\n\t\t\t\t<div class=\"elementor-post__excerpt\">\n\t\t\t<p>En r\u00e9sum\u00e9&nbsp; Quelle formation pour devenir d\u00e9veloppeur web freelance ? Il existe de nombreuses formations pour devenir d\u00e9veloppeur web, par exemple :&nbsp; Vous pouvez \u00e9galement<\/p>\n\t\t<\/div>\n\t\t\n\t\t<a class=\"elementor-post__read-more\" href=\"https:\/\/cinnk.com\/fr\/devenir-developpeur-web-freelance-les-etapes-cles\/\" aria-label=\"En savoir plus sur Devenir d\u00e9veloppeur web freelance : Les \u00e9tapes cl\u00e9s\" tabindex=\"-1\" >\n\t\t\tLire la suite \u00bb\t\t<\/a>\n\n\t\t\t\t<\/div>\n\t\t\t\t<\/article>\n\t\t\t\t<article class=\"elementor-post elementor-grid-item post-582 post type-post status-publish format-standard has-post-thumbnail hentry category-articles\" role=\"listitem\">\n\t\t\t\t<a class=\"elementor-post__thumbnail__link\" href=\"https:\/\/cinnk.com\/fr\/comment-creer-une-page-d-erreur-404-personnalisee-avec-elementor\/\" tabindex=\"-1\" >\n\t\t\t<div class=\"elementor-post__thumbnail\"><img fetchpriority=\"high\" decoding=\"async\" width=\"727\" height=\"359\" src=\"https:\/\/cinnk.com\/wp-content\/uploads\/2023\/11\/Les-astuces-pour-referencer-votre-site-WordPress_large.png\" class=\"attachment-full size-full wp-image-1804\" alt=\"\" srcset=\"https:\/\/cinnk.com\/wp-content\/uploads\/2023\/11\/Les-astuces-pour-referencer-votre-site-WordPress_large.png 727w, https:\/\/cinnk.com\/wp-content\/uploads\/2023\/11\/Les-astuces-pour-referencer-votre-site-WordPress_large-300x148.png 300w, https:\/\/cinnk.com\/wp-content\/uploads\/2023\/11\/Les-astuces-pour-referencer-votre-site-WordPress_large-18x9.png 18w, https:\/\/cinnk.com\/wp-content\/uploads\/2023\/11\/Les-astuces-pour-referencer-votre-site-WordPress_large-600x296.png 600w\" sizes=\"(max-width: 727px) 100vw, 727px\" \/><\/div>\n\t\t<\/a>\n\t\t\t\t<div class=\"elementor-post__text\">\n\t\t\t\t<h3 class=\"elementor-post__title\">\n\t\t\t<a href=\"https:\/\/cinnk.com\/fr\/comment-creer-une-page-d-erreur-404-personnalisee-avec-elementor\/\" >\n\t\t\t\tComment cr\u00e9er une page d\u2019erreur 404 personnalis\u00e9e avec Elementor ?\t\t\t<\/a>\n\t\t<\/h3>\n\t\t\t\t<div class=\"elementor-post__meta-data\">\n\t\t\t\t\t<span class=\"elementor-post-date\">\n\t\t\tavril 13, 2022\t\t<\/span>\n\t\t\t\t<\/div>\n\t\t\t\t<div class=\"elementor-post__excerpt\">\n\t\t\t<p>Joomla! 4 propose nativement une fonctionnalit\u00e9 tr\u00e8s pratique qui la mise en place d&rsquo;un syst\u00e8me multilingue. Avec cette nouvelle version, cela peut \u00eatre fait directement<\/p>\n\t\t<\/div>\n\t\t\n\t\t<a class=\"elementor-post__read-more\" href=\"https:\/\/cinnk.com\/fr\/comment-creer-une-page-d-erreur-404-personnalisee-avec-elementor\/\" aria-label=\"En savoir plus sur Comment cr\u00e9er une page d\u2019erreur 404 personnalis\u00e9e avec Elementor ?\" tabindex=\"-1\" >\n\t\t\tLire la suite \u00bb\t\t<\/a>\n\n\t\t\t\t<\/div>\n\t\t\t\t<\/article>\n\t\t\t\t<article class=\"elementor-post elementor-grid-item post-576 post type-post status-publish format-standard has-post-thumbnail hentry category-articles\" role=\"listitem\">\n\t\t\t\t<a class=\"elementor-post__thumbnail__link\" href=\"https:\/\/cinnk.com\/fr\/faire-une-sauvegarde-complete-de-votre-site-joomla-4-manuellement\/\" tabindex=\"-1\" >\n\t\t\t<div class=\"elementor-post__thumbnail\"><img decoding=\"async\" width=\"727\" height=\"359\" src=\"https:\/\/cinnk.com\/wp-content\/uploads\/2023\/11\/joomla-4-base-de-connaissances_large.png\" class=\"attachment-full size-full wp-image-1581\" alt=\"\" srcset=\"https:\/\/cinnk.com\/wp-content\/uploads\/2023\/11\/joomla-4-base-de-connaissances_large.png 727w, https:\/\/cinnk.com\/wp-content\/uploads\/2023\/11\/joomla-4-base-de-connaissances_large-300x148.png 300w, https:\/\/cinnk.com\/wp-content\/uploads\/2023\/11\/joomla-4-base-de-connaissances_large-18x9.png 18w, https:\/\/cinnk.com\/wp-content\/uploads\/2023\/11\/joomla-4-base-de-connaissances_large-600x296.png 600w\" sizes=\"(max-width: 727px) 100vw, 727px\" \/><\/div>\n\t\t<\/a>\n\t\t\t\t<div class=\"elementor-post__text\">\n\t\t\t\t<h3 class=\"elementor-post__title\">\n\t\t\t<a href=\"https:\/\/cinnk.com\/fr\/faire-une-sauvegarde-complete-de-votre-site-joomla-4-manuellement\/\" >\n\t\t\t\tFaire une sauvegarde compl\u00e8te de votre site Joomla! 4 manuellement\t\t\t<\/a>\n\t\t<\/h3>\n\t\t\t\t<div class=\"elementor-post__meta-data\">\n\t\t\t\t\t<span class=\"elementor-post-date\">\n\t\t\td\u00e9cembre 7, 2021\t\t<\/span>\n\t\t\t\t<\/div>\n\t\t\t\t<div class=\"elementor-post__excerpt\">\n\t\t\t<p>Joomla! 4 propose nativement une fonctionnalit\u00e9 tr\u00e8s pratique qui la mise en place d&rsquo;un syst\u00e8me multilingue. Avec cette nouvelle version, cela peut \u00eatre fait directement<\/p>\n\t\t<\/div>\n\t\t\n\t\t<a class=\"elementor-post__read-more\" href=\"https:\/\/cinnk.com\/fr\/faire-une-sauvegarde-complete-de-votre-site-joomla-4-manuellement\/\" aria-label=\"En savoir plus sur Faire une sauvegarde compl\u00e8te de votre site Joomla! 4 manuellement\" tabindex=\"-1\" >\n\t\t\tLire la suite \u00bb\t\t<\/a>\n\n\t\t\t\t<\/div>\n\t\t\t\t<\/article>\n\t\t\t\t<\/div>\n\t\t\n\t\t\t\t<div class=\"e-load-more-anchor\" data-page=\"1\" data-max-page=\"129\" data-next-page=\"https:\/\/cinnk.com\/fr\/wp-json\/wp\/v2\/pages\/719\/page\/2\/\"><\/div>\n\t\t\t\t<nav class=\"elementor-pagination\" aria-label=\"Pagination\">\n\t\t\t<span class=\"page-numbers prev\">&laquo; Pr\u00e9c\u00e9dent<\/span>\n<span aria-current=\"page\" class=\"page-numbers current\"><span class=\"elementor-screen-only\">Page<\/span>1<\/span>\n<a class=\"page-numbers\" href=\"https:\/\/cinnk.com\/fr\/wp-json\/wp\/v2\/pages\/719\/page\/2\/\"><span class=\"elementor-screen-only\">Page<\/span>2<\/a>\n<a class=\"page-numbers\" href=\"https:\/\/cinnk.com\/fr\/wp-json\/wp\/v2\/pages\/719\/page\/3\/\"><span class=\"elementor-screen-only\">Page<\/span>3<\/a>\n<span class=\"page-numbers dots\">\u2026<\/span>\n<a class=\"page-numbers\" href=\"https:\/\/cinnk.com\/fr\/wp-json\/wp\/v2\/pages\/719\/page\/10\/\"><span class=\"elementor-screen-only\">Page<\/span>10<\/a>\n<a class=\"page-numbers next\" href=\"https:\/\/cinnk.com\/fr\/wp-json\/wp\/v2\/pages\/719\/page\/2\/\">Suivant &raquo;<\/a>\t\t<\/nav>\n\t\t\t\t\t\t<\/div>\n\t\t\t\t<\/div>\n\t\t\t\t<\/div>\n\t\t\t\t<\/div>\n\t\t\t\t\t<\/div>\n\t\t\t\t<\/div>\n\t\t\t\t<\/div>\n\t\t","protected":false},"excerpt":{"rendered":"<p>Les \u00ab\u00a0tips\u00a0\u00bb \u00e0 connaitre pour votre site WordPress ? WordPress est un CMS qui ne cesse de se d\u00e9velopper, les constructeurs ajoutent souvent de nouvelles fonctionnalit\u00e9s. Lire la suite &#8230;<\/p>\n","protected":false},"author":1,"featured_media":0,"parent":0,"menu_order":0,"comment_status":"closed","ping_status":"closed","template":"elementor_header_footer","meta":{"inline_featured_image":false,"footnotes":""},"class_list":["post-719","page","type-page","status-publish","hentry"],"yoast_head":"<!-- This site is optimized with the Yoast SEO plugin v26.5 - https:\/\/yoast.com\/wordpress\/plugins\/seo\/ -->\n<title>Articles | Cinnk<\/title>\n<meta name=\"robots\" content=\"index, follow, max-snippet:-1, max-image-preview:large, max-video-preview:-1\" \/>\n<link rel=\"canonical\" href=\"https:\/\/cinnk.com\/fr\/articles\/\" \/>\n<meta property=\"og:locale\" content=\"fr_FR\" \/>\n<meta property=\"og:type\" content=\"article\" \/>\n<meta property=\"og:title\" content=\"Articles | Cinnk\" \/>\n<meta property=\"og:description\" content=\"Les \u00ab\u00a0tips\u00a0\u00bb \u00e0 connaitre pour votre site WordPress ? WordPress est un CMS qui ne cesse de se d\u00e9velopper, les constructeurs ajoutent souvent de nouvelles fonctionnalit\u00e9s. Lire la suite &#8230;\" \/>\n<meta property=\"og:url\" content=\"https:\/\/cinnk.com\/fr\/articles\/\" \/>\n<meta property=\"og:site_name\" content=\"Cinnk\" \/>\n<meta property=\"article:publisher\" content=\"https:\/\/www.facebook.com\/Cinnk.formation\" \/>\n<meta property=\"article:modified_time\" content=\"2024-01-16T10:31:25+00:00\" \/>\n<meta property=\"og:image\" content=\"https:\/\/cinnk.com\/wp-content\/uploads\/2024\/10\/Logo-font.jpg\" \/>\n\t<meta property=\"og:image:width\" content=\"500\" \/>\n\t<meta property=\"og:image:height\" content=\"500\" \/>\n\t<meta property=\"og:image:type\" content=\"image\/jpeg\" \/>\n<meta name=\"twitter:card\" content=\"summary_large_image\" \/>\n<meta name=\"twitter:site\" content=\"@CinnkCom\" \/>\n<script type=\"application\/ld+json\" class=\"yoast-schema-graph\">{\"@context\":\"https:\/\/schema.org\",\"@graph\":[{\"@type\":\"WebPage\",\"@id\":\"https:\/\/cinnk.com\/fr\/articles\/\",\"url\":\"https:\/\/cinnk.com\/fr\/articles\/\",\"name\":\"Articles | Cinnk\",\"isPartOf\":{\"@id\":\"https:\/\/cinnk.com\/fr\/#website\"},\"datePublished\":\"2023-10-23T09:43:06+00:00\",\"dateModified\":\"2024-01-16T10:31:25+00:00\",\"breadcrumb\":{\"@id\":\"https:\/\/cinnk.com\/fr\/articles\/#breadcrumb\"},\"inLanguage\":\"fr-FR\",\"potentialAction\":[{\"@type\":\"ReadAction\",\"target\":[\"https:\/\/cinnk.com\/fr\/articles\/\"]}]},{\"@type\":\"BreadcrumbList\",\"@id\":\"https:\/\/cinnk.com\/fr\/articles\/#breadcrumb\",\"itemListElement\":[{\"@type\":\"ListItem\",\"position\":1,\"name\":\"Accueil\",\"item\":\"https:\/\/cinnk.com\/fr\/\"},{\"@type\":\"ListItem\",\"position\":2,\"name\":\"Articles\"}]},{\"@type\":\"WebSite\",\"@id\":\"https:\/\/cinnk.com\/fr\/#website\",\"url\":\"https:\/\/cinnk.com\/fr\/\",\"name\":\"Cinnk\",\"description\":\"\",\"publisher\":{\"@id\":\"https:\/\/cinnk.com\/fr\/#organization\"},\"potentialAction\":[{\"@type\":\"SearchAction\",\"target\":{\"@type\":\"EntryPoint\",\"urlTemplate\":\"https:\/\/cinnk.com\/fr\/?s={search_term_string}\"},\"query-input\":{\"@type\":\"PropertyValueSpecification\",\"valueRequired\":true,\"valueName\":\"search_term_string\"}}],\"inLanguage\":\"fr-FR\"},{\"@type\":\"Organization\",\"@id\":\"https:\/\/cinnk.com\/fr\/#organization\",\"name\":\"Cinnk\",\"url\":\"https:\/\/cinnk.com\/fr\/\",\"logo\":{\"@type\":\"ImageObject\",\"inLanguage\":\"fr-FR\",\"@id\":\"https:\/\/cinnk.com\/fr\/#\/schema\/logo\/image\/\",\"url\":\"https:\/\/cinnk.com\/wp-content\/uploads\/2023\/10\/logo-svg-orange_new.svg\",\"contentUrl\":\"https:\/\/cinnk.com\/wp-content\/uploads\/2023\/10\/logo-svg-orange_new.svg\",\"width\":125,\"height\":32,\"caption\":\"Cinnk\"},\"image\":{\"@id\":\"https:\/\/cinnk.com\/fr\/#\/schema\/logo\/image\/\"},\"sameAs\":[\"https:\/\/www.facebook.com\/Cinnk.formation\",\"https:\/\/x.com\/CinnkCom\",\"https:\/\/www.instagram.com\/cinnk\"]}]}<\/script>\n<!-- \/ Yoast SEO plugin. -->","yoast_head_json":{"title":"Articles | Cinnk","robots":{"index":"index","follow":"follow","max-snippet":"max-snippet:-1","max-image-preview":"max-image-preview:large","max-video-preview":"max-video-preview:-1"},"canonical":"https:\/\/cinnk.com\/fr\/articles\/","og_locale":"fr_FR","og_type":"article","og_title":"Articles | Cinnk","og_description":"Les \u00ab\u00a0tips\u00a0\u00bb \u00e0 connaitre pour votre site WordPress ? WordPress est un CMS qui ne cesse de se d\u00e9velopper, les constructeurs ajoutent souvent de nouvelles fonctionnalit\u00e9s. Lire la suite &#8230;","og_url":"https:\/\/cinnk.com\/fr\/articles\/","og_site_name":"Cinnk","article_publisher":"https:\/\/www.facebook.com\/Cinnk.formation","article_modified_time":"2024-01-16T10:31:25+00:00","og_image":[{"width":500,"height":500,"url":"https:\/\/cinnk.com\/wp-content\/uploads\/2024\/10\/Logo-font.jpg","type":"image\/jpeg"}],"twitter_card":"summary_large_image","twitter_site":"@CinnkCom","schema":{"@context":"https:\/\/schema.org","@graph":[{"@type":"WebPage","@id":"https:\/\/cinnk.com\/fr\/articles\/","url":"https:\/\/cinnk.com\/fr\/articles\/","name":"Articles | Cinnk","isPartOf":{"@id":"https:\/\/cinnk.com\/fr\/#website"},"datePublished":"2023-10-23T09:43:06+00:00","dateModified":"2024-01-16T10:31:25+00:00","breadcrumb":{"@id":"https:\/\/cinnk.com\/fr\/articles\/#breadcrumb"},"inLanguage":"fr-FR","potentialAction":[{"@type":"ReadAction","target":["https:\/\/cinnk.com\/fr\/articles\/"]}]},{"@type":"BreadcrumbList","@id":"https:\/\/cinnk.com\/fr\/articles\/#breadcrumb","itemListElement":[{"@type":"ListItem","position":1,"name":"Accueil","item":"https:\/\/cinnk.com\/fr\/"},{"@type":"ListItem","position":2,"name":"Articles"}]},{"@type":"WebSite","@id":"https:\/\/cinnk.com\/fr\/#website","url":"https:\/\/cinnk.com\/fr\/","name":"Cinnk","description":"","publisher":{"@id":"https:\/\/cinnk.com\/fr\/#organization"},"potentialAction":[{"@type":"SearchAction","target":{"@type":"EntryPoint","urlTemplate":"https:\/\/cinnk.com\/fr\/?s={search_term_string}"},"query-input":{"@type":"PropertyValueSpecification","valueRequired":true,"valueName":"search_term_string"}}],"inLanguage":"fr-FR"},{"@type":"Organization","@id":"https:\/\/cinnk.com\/fr\/#organization","name":"Cinnk","url":"https:\/\/cinnk.com\/fr\/","logo":{"@type":"ImageObject","inLanguage":"fr-FR","@id":"https:\/\/cinnk.com\/fr\/#\/schema\/logo\/image\/","url":"https:\/\/cinnk.com\/wp-content\/uploads\/2023\/10\/logo-svg-orange_new.svg","contentUrl":"https:\/\/cinnk.com\/wp-content\/uploads\/2023\/10\/logo-svg-orange_new.svg","width":125,"height":32,"caption":"Cinnk"},"image":{"@id":"https:\/\/cinnk.com\/fr\/#\/schema\/logo\/image\/"},"sameAs":["https:\/\/www.facebook.com\/Cinnk.formation","https:\/\/x.com\/CinnkCom","https:\/\/www.instagram.com\/cinnk"]}]}},"_links":{"self":[{"href":"https:\/\/cinnk.com\/fr\/wp-json\/wp\/v2\/pages\/719","targetHints":{"allow":["GET"]}}],"collection":[{"href":"https:\/\/cinnk.com\/fr\/wp-json\/wp\/v2\/pages"}],"about":[{"href":"https:\/\/cinnk.com\/fr\/wp-json\/wp\/v2\/types\/page"}],"author":[{"embeddable":true,"href":"https:\/\/cinnk.com\/fr\/wp-json\/wp\/v2\/users\/1"}],"replies":[{"embeddable":true,"href":"https:\/\/cinnk.com\/fr\/wp-json\/wp\/v2\/comments?post=719"}],"version-history":[{"count":160,"href":"https:\/\/cinnk.com\/fr\/wp-json\/wp\/v2\/pages\/719\/revisions"}],"predecessor-version":[{"id":3299,"href":"https:\/\/cinnk.com\/fr\/wp-json\/wp\/v2\/pages\/719\/revisions\/3299"}],"wp:attachment":[{"href":"https:\/\/cinnk.com\/fr\/wp-json\/wp\/v2\/media?parent=719"}],"curies":[{"name":"wp","href":"https:\/\/api.w.org\/{rel}","templated":true}]}}